{"id":13892,"date":"2023-01-17T05:16:41","date_gmt":"2023-01-17T05:16:41","guid":{"rendered":"https:\/\/www.yoonpak.com\/?page_id=13892"},"modified":"2023-02-02T09:22:47","modified_gmt":"2023-02-02T09:22:47","slug":"paper-containers-for-your-market","status":"publish","type":"page","link":"https:\/\/www.yoonpak.com\/de\/papierbehalter-fur-ihren-markt\/","title":{"rendered":"Nach Markt"},"content":{"rendered":"<div data-elementor-type=\"wp-page\" data-elementor-id=\"13892\" class=\"elementor elementor-13892\" data-elementor-post-type=\"page\">\n\t\t\t\t\t\t<section class=\"elementor-section elementor-top-section elementor-element elementor-element-fb32d1c elementor-section-height-min-height elementor-section-stretched elementor-section-boxed elementor-section-height-default elementor-section-items-middle\" data-id=\"fb32d1c\" data-element_type=\"section\" data-settings=\"{&quot;stretch_section&quot;:&quot;section-stretched&quot;,&quot;background_background&quot;:&quot;classic&quot;}\">\n\t\t\t\t\t\t\t<div class=\"elementor-background-overlay\"><\/div>\n\t\t\t\t\t\t\t<div class=\"elementor-container elementor-column-gap-default\">\n\t\t\t\t\t<div class=\"elementor-column elementor-col-100 elementor-top-column elementor-element elementor-element-df7b6ac\" data-id=\"df7b6ac\" data-element_type=\"column\" data-settings=\"{&quot;background_background&quot;:&quot;classic&quot;}\">\n\t\t\t<div class=\"elementor-widget-wrap elementor-element-populated\">\n\t\t\t\t\t\t<div class=\"elementor-element elementor-element-88e39b5 elementor-widget elementor-widget-heading\" data-id=\"88e39b5\" data-element_type=\"widget\" data-widget_type=\"heading.default\">\n\t\t\t\t<div class=\"elementor-widget-container\">\n\t\t\t\t\t<h1 class=\"elementor-heading-title elementor-size-default\">Nach Markt<\/h1>\t\t\t\t<\/div>\n\t\t\t\t<\/div>\n\t\t\t\t<div class=\"elementor-element elementor-element-88bd53b elementor-widget elementor-widget-text-editor\" data-id=\"88bd53b\" data-element_type=\"widget\" data-widget_type=\"text-editor.default\">\n\t\t\t\t<div class=\"elementor-widget-container\">\n\t\t\t\t\t\t\t\t\tYOON bietet eine Vielzahl von Papierbeh\u00e4ltern f\u00fcr Ihren gesamten Marktbedarf. Pappbecher, Beh\u00e4lter zum Mitnehmen und mehr. Sorgen Sie f\u00fcr zufriedene Kunden mit unseren hochwertigen Lebensmittelverpackungen aus Papier.\n\t\t\t\t\t\t\t\t<\/div>\n\t\t\t\t<\/div>\n\t\t\t\t\t<\/div>\n\t\t<\/div>\n\t\t\t\t\t<\/div>\n\t\t<\/section>\n\t\t\t\t<section class=\"elementor-section elementor-top-section elementor-element elementor-element-2fc7012 elementor-section-boxed elementor-section-height-default elementor-section-height-default\" data-id=\"2fc7012\" data-element_type=\"section\">\n\t\t\t\t\t\t<div class=\"elementor-container elementor-column-gap-default\">\n\t\t\t\t\t<div class=\"elementor-column elementor-col-100 elementor-top-column elementor-element elementor-element-d62a06c\" data-id=\"d62a06c\" data-element_type=\"column\">\n\t\t\t<div class=\"elementor-widget-wrap\">\n\t\t\t\t\t\t\t<\/div>\n\t\t<\/div>\n\t\t\t\t\t<\/div>\n\t\t<\/section>\n\t\t\t\t<section class=\"elementor-section elementor-top-section elementor-element elementor-element-dcc4a9a elementor-section-stretched elementor-section-boxed elementor-section-height-default elementor-section-height-default\" data-id=\"dcc4a9a\" data-element_type=\"section\" data-settings=\"{&quot;stretch_section&quot;:&quot;section-stretched&quot;}\">\n\t\t\t\t\t\t<div class=\"elementor-container elementor-column-gap-default\">\n\t\t\t\t\t<div class=\"elementor-column elementor-col-100 elementor-top-column elementor-element elementor-element-a4f8540\" data-id=\"a4f8540\" data-element_type=\"column\">\n\t\t\t<div class=\"elementor-widget-wrap elementor-element-populated\">\n\t\t\t\t\t\t<div class=\"elementor-element elementor-element-0aa534e elementor-widget elementor-widget-heading\" data-id=\"0aa534e\" data-element_type=\"widget\" data-widget_type=\"heading.default\">\n\t\t\t\t<div class=\"elementor-widget-container\">\n\t\t\t\t\t<h2 class=\"elementor-heading-title elementor-size-default\">Papiercontainer f\u00fcr Ihren Markt<\/h2>\t\t\t\t<\/div>\n\t\t\t\t<\/div>\n\t\t\t\t<div class=\"elementor-element elementor-element-d027b8f elementor-widget elementor-widget-heading\" data-id=\"d027b8f\" data-element_type=\"widget\" data-widget_type=\"heading.default\">\n\t\t\t\t<div class=\"elementor-widget-container\">\n\t\t\t\t\t<h3 class=\"elementor-heading-title elementor-size-default\">Nach Markt<\/h3>\t\t\t\t<\/div>\n\t\t\t\t<\/div>\n\t\t\t\t<div class=\"elementor-element elementor-element-573f371 elementor-widget-divider--view-line elementor-widget elementor-widget-divider\" data-id=\"573f371\" data-element_type=\"widget\" data-widget_type=\"divider.default\">\n\t\t\t\t<div class=\"elementor-widget-container\">\n\t\t\t\t\t\t\t<div class=\"elementor-divider\">\n\t\t\t<span class=\"elementor-divider-separator\">\n\t\t\t\t\t\t<\/span>\n\t\t<\/div>\n\t\t\t\t\t\t<\/div>\n\t\t\t\t<\/div>\n\t\t\t\t<section class=\"elementor-section elementor-inner-section elementor-element elementor-element-aa6e2c5 elementor-section-boxed elementor-section-height-default elementor-section-height-default\" data-id=\"aa6e2c5\" data-element_type=\"section\">\n\t\t\t\t\t\t<div class=\"elementor-container elementor-column-gap-default\">\n\t\t\t\t\t<div class=\"elementor-column elementor-col-25 elementor-inner-column elementor-element elementor-element-8747a6f\" data-id=\"8747a6f\" data-element_type=\"column\">\n\t\t\t<div class=\"elementor-widget-wrap elementor-element-populated\">\n\t\t\t\t\t\t<div class=\"elementor-element elementor-element-bddccd2 elementor-widget elementor-widget-image\" data-id=\"bddccd2\" data-element_type=\"widget\" data-widget_type=\"image.default\">\n\t\t\t\t<div class=\"elementor-widget-container\">\n\t\t\t\t\t\t\t\t\t\t\t\t\t\t\t\t<a href=\"https:\/\/www.yoonpak.com\/de\/fast-food\/\">\n\t\t\t\t\t\t\t<img fetchpriority=\"high\" decoding=\"async\" width=\"490\" height=\"317\" src=\"https:\/\/www.yoonpak.com\/wp-content\/uploads\/2023\/02\/Fast-Food-paper-packaging.jpg\" class=\"attachment-large size-large wp-image-14792\" alt=\"Fast Food Papierverpackungen\" srcset=\"https:\/\/www.yoonpak.com\/wp-content\/uploads\/2023\/02\/Fast-Food-paper-packaging.jpg 490w, https:\/\/www.yoonpak.com\/wp-content\/uploads\/2023\/02\/Fast-Food-paper-packaging-226x146.jpg 226w, https:\/\/www.yoonpak.com\/wp-content\/uploads\/2023\/02\/Fast-Food-paper-packaging-50x32.jpg 50w, https:\/\/www.yoonpak.com\/wp-content\/uploads\/2023\/02\/Fast-Food-paper-packaging-116x75.jpg 116w\" sizes=\"(max-width: 490px) 100vw, 490px\" \/>\t\t\t\t\t\t\t\t<\/a>\n\t\t\t\t\t\t\t\t\t\t\t\t\t\t\t<\/div>\n\t\t\t\t<\/div>\n\t\t\t\t<div class=\"elementor-element elementor-element-54ba10d elementor-widget elementor-widget-heading\" data-id=\"54ba10d\" data-element_type=\"widget\" data-widget_type=\"heading.default\">\n\t\t\t\t<div class=\"elementor-widget-container\">\n\t\t\t\t\t<h3 class=\"elementor-heading-title elementor-size-medium\"><a href=\"https:\/\/www.yoonpak.com\/de\/fast-food\/\">Fast Food<\/a><\/h3>\t\t\t\t<\/div>\n\t\t\t\t<\/div>\n\t\t\t\t<div class=\"elementor-element elementor-element-9bbd0ae elementor-widget elementor-widget-text-editor\" data-id=\"9bbd0ae\" data-element_type=\"widget\" data-widget_type=\"text-editor.default\">\n\t\t\t\t<div class=\"elementor-widget-container\">\n\t\t\t\t\t\t\t\t\t<p><span style=\"font-weight: 400;\">YOON-Papierbeh\u00e4lter sind hochwertig und bieten eine L\u00f6sung, die Ihr Fast-Food-Gesch\u00e4ft verbessern kann. Die Papier-Lebensmittelbeh\u00e4lter haben viele Vorteile, wie z.B. einfache Handhabung, Nachhaltigkeit, geringer Kohlenstoff-Fu\u00dfabdruck und biologische Abbaubarkeit.<\/span><\/p>\t\t\t\t\t\t\t\t<\/div>\n\t\t\t\t<\/div>\n\t\t\t\t\t<\/div>\n\t\t<\/div>\n\t\t\t\t<div class=\"elementor-column elementor-col-25 elementor-inner-column elementor-element elementor-element-d118be3\" data-id=\"d118be3\" data-element_type=\"column\">\n\t\t\t<div class=\"elementor-widget-wrap elementor-element-populated\">\n\t\t\t\t\t\t<div class=\"elementor-element elementor-element-995c09a elementor-widget elementor-widget-image\" data-id=\"995c09a\" data-element_type=\"widget\" data-widget_type=\"image.default\">\n\t\t\t\t<div class=\"elementor-widget-container\">\n\t\t\t\t\t\t\t\t\t\t\t\t\t\t\t\t<a href=\"https:\/\/www.yoonpak.com\/de\/restaurant\/\">\n\t\t\t\t\t\t\t<img decoding=\"async\" width=\"490\" height=\"317\" src=\"https:\/\/www.yoonpak.com\/wp-content\/uploads\/2023\/02\/Restaurant-paper-food-packaging.jpg\" class=\"attachment-large size-large wp-image-14793\" alt=\"Lebensmittelverpackungen aus Papier f\u00fcr Restaurants\" srcset=\"https:\/\/www.yoonpak.com\/wp-content\/uploads\/2023\/02\/Restaurant-paper-food-packaging.jpg 490w, https:\/\/www.yoonpak.com\/wp-content\/uploads\/2023\/02\/Restaurant-paper-food-packaging-226x146.jpg 226w, https:\/\/www.yoonpak.com\/wp-content\/uploads\/2023\/02\/Restaurant-paper-food-packaging-50x32.jpg 50w, https:\/\/www.yoonpak.com\/wp-content\/uploads\/2023\/02\/Restaurant-paper-food-packaging-116x75.jpg 116w\" sizes=\"(max-width: 490px) 100vw, 490px\" \/>\t\t\t\t\t\t\t\t<\/a>\n\t\t\t\t\t\t\t\t\t\t\t\t\t\t\t<\/div>\n\t\t\t\t<\/div>\n\t\t\t\t<div class=\"elementor-element elementor-element-3baaaee elementor-widget elementor-widget-heading\" data-id=\"3baaaee\" data-element_type=\"widget\" data-widget_type=\"heading.default\">\n\t\t\t\t<div class=\"elementor-widget-container\">\n\t\t\t\t\t<h2 class=\"elementor-heading-title elementor-size-default\"><a href=\"https:\/\/www.yoonpak.com\/de\/restaurant\/\">Restaurant<\/a><\/h2>\t\t\t\t<\/div>\n\t\t\t\t<\/div>\n\t\t\t\t<div class=\"elementor-element elementor-element-51f68be elementor-widget elementor-widget-text-editor\" data-id=\"51f68be\" data-element_type=\"widget\" data-widget_type=\"text-editor.default\">\n\t\t\t\t<div class=\"elementor-widget-container\">\n\t\t\t\t\t\t\t\t\t<p><span style=\"font-weight: 400;\">Papierbeh\u00e4lter sind ideal f\u00fcr Restaurants, die ihre Umweltbelastung reduzieren wollen. Unsere Papierbeh\u00e4lter sind au\u00dferdem auslaufsicher und stabil, so dass die Lebensmittel w\u00e4hrend des Transports frisch und gesch\u00fctzt bleiben.<\/span><\/p>\t\t\t\t\t\t\t\t<\/div>\n\t\t\t\t<\/div>\n\t\t\t\t\t<\/div>\n\t\t<\/div>\n\t\t\t\t<div class=\"elementor-column elementor-col-25 elementor-inner-column elementor-element elementor-element-e9174f0\" data-id=\"e9174f0\" data-element_type=\"column\">\n\t\t\t<div class=\"elementor-widget-wrap elementor-element-populated\">\n\t\t\t\t\t\t<div class=\"elementor-element elementor-element-293fb92 elementor-widget elementor-widget-image\" data-id=\"293fb92\" data-element_type=\"widget\" data-widget_type=\"image.default\">\n\t\t\t\t<div class=\"elementor-widget-container\">\n\t\t\t\t\t\t\t\t\t\t\t\t\t\t\t\t<a href=\"https:\/\/www.yoonpak.com\/de\/bakery-packaging-wholesale\/\">\n\t\t\t\t\t\t\t<img decoding=\"async\" width=\"490\" height=\"317\" src=\"https:\/\/www.yoonpak.com\/wp-content\/uploads\/2023\/02\/bakery-paper-food-packaging.jpg\" class=\"attachment-large size-large wp-image-14794\" alt=\"B\u00e4ckereipapier Lebensmittelverpackungen\" srcset=\"https:\/\/www.yoonpak.com\/wp-content\/uploads\/2023\/02\/bakery-paper-food-packaging.jpg 490w, https:\/\/www.yoonpak.com\/wp-content\/uploads\/2023\/02\/bakery-paper-food-packaging-226x146.jpg 226w, https:\/\/www.yoonpak.com\/wp-content\/uploads\/2023\/02\/bakery-paper-food-packaging-50x32.jpg 50w, https:\/\/www.yoonpak.com\/wp-content\/uploads\/2023\/02\/bakery-paper-food-packaging-116x75.jpg 116w\" sizes=\"(max-width: 490px) 100vw, 490px\" \/>\t\t\t\t\t\t\t\t<\/a>\n\t\t\t\t\t\t\t\t\t\t\t\t\t\t\t<\/div>\n\t\t\t\t<\/div>\n\t\t\t\t<div class=\"elementor-element elementor-element-700b916 elementor-widget elementor-widget-heading\" data-id=\"700b916\" data-element_type=\"widget\" data-widget_type=\"heading.default\">\n\t\t\t\t<div class=\"elementor-widget-container\">\n\t\t\t\t\t<h2 class=\"elementor-heading-title elementor-size-default\"><a href=\"https:\/\/www.yoonpak.com\/de\/bakery-packaging-wholesale\/\">B\u00e4ckerei<\/a><\/h2>\t\t\t\t<\/div>\n\t\t\t\t<\/div>\n\t\t\t\t<div class=\"elementor-element elementor-element-fbf1a14 elementor-widget elementor-widget-text-editor\" data-id=\"fbf1a14\" data-element_type=\"widget\" data-widget_type=\"text-editor.default\">\n\t\t\t\t<div class=\"elementor-widget-container\">\n\t\t\t\t\t\t\t\t\t<p><span style=\"font-weight: 400;\">Unsere Papierbeh\u00e4lter sind eine umweltfreundliche Alternative zu herk\u00f6mmlichen Kunststoffverpackungen und in verschiedenen Formen und Gr\u00f6\u00dfen erh\u00e4ltlich. Sie eignen sich f\u00fcr verschiedene Backwaren, von Keksen und Cupcakes bis hin zu Broten und Geb\u00e4ck.<\/span><\/p>\t\t\t\t\t\t\t\t<\/div>\n\t\t\t\t<\/div>\n\t\t\t\t\t<\/div>\n\t\t<\/div>\n\t\t\t\t<div class=\"elementor-column elementor-col-25 elementor-inner-column elementor-element elementor-element-c0501a9\" data-id=\"c0501a9\" data-element_type=\"column\">\n\t\t\t<div class=\"elementor-widget-wrap elementor-element-populated\">\n\t\t\t\t\t\t<div class=\"elementor-element elementor-element-b05ea31 elementor-widget elementor-widget-image\" data-id=\"b05ea31\" data-element_type=\"widget\" data-widget_type=\"image.default\">\n\t\t\t\t<div class=\"elementor-widget-container\">\n\t\t\t\t\t\t\t\t\t\t\t\t\t\t\t\t<a href=\"https:\/\/www.yoonpak.com\/de\/coffeeshop\/\">\n\t\t\t\t\t\t\t<img loading=\"lazy\" decoding=\"async\" width=\"490\" height=\"317\" src=\"https:\/\/www.yoonpak.com\/wp-content\/uploads\/2023\/02\/coffee-shop-paper-food-packaging.jpg\" class=\"attachment-large size-large wp-image-14795\" alt=\"Coffee-Shop-Papierverpackungen f\u00fcr Lebensmittel\" srcset=\"https:\/\/www.yoonpak.com\/wp-content\/uploads\/2023\/02\/coffee-shop-paper-food-packaging.jpg 490w, https:\/\/www.yoonpak.com\/wp-content\/uploads\/2023\/02\/coffee-shop-paper-food-packaging-226x146.jpg 226w, https:\/\/www.yoonpak.com\/wp-content\/uploads\/2023\/02\/coffee-shop-paper-food-packaging-50x32.jpg 50w, https:\/\/www.yoonpak.com\/wp-content\/uploads\/2023\/02\/coffee-shop-paper-food-packaging-116x75.jpg 116w\" sizes=\"(max-width: 490px) 100vw, 490px\" \/>\t\t\t\t\t\t\t\t<\/a>\n\t\t\t\t\t\t\t\t\t\t\t\t\t\t\t<\/div>\n\t\t\t\t<\/div>\n\t\t\t\t<div class=\"elementor-element elementor-element-c166556 elementor-widget elementor-widget-heading\" data-id=\"c166556\" data-element_type=\"widget\" data-widget_type=\"heading.default\">\n\t\t\t\t<div class=\"elementor-widget-container\">\n\t\t\t\t\t<h2 class=\"elementor-heading-title elementor-size-default\"><a href=\"https:\/\/www.yoonpak.com\/de\/coffeeshop\/\">Kaffeehaus<\/a><\/h2>\t\t\t\t<\/div>\n\t\t\t\t<\/div>\n\t\t\t\t<div class=\"elementor-element elementor-element-9fd363d elementor-widget elementor-widget-text-editor\" data-id=\"9fd363d\" data-element_type=\"widget\" data-widget_type=\"text-editor.default\">\n\t\t\t\t<div class=\"elementor-widget-container\">\n\t\t\t\t\t\t\t\t\t<p><span style=\"font-weight: 400;\">Pr\u00e4sentieren Sie Ihr Coffee Shop Gesch\u00e4ft mit hochwertigen Papierbeh\u00e4ltern. YOON steht zu Ihrer Verf\u00fcgung, also h\u00f6ren Sie auf zu suchen. Es werden sowohl wei\u00dfe als auch braune, Papier- und Kunststoffvarianten angeboten.<\/span><\/p>\t\t\t\t\t\t\t\t<\/div>\n\t\t\t\t<\/div>\n\t\t\t\t\t<\/div>\n\t\t<\/div>\n\t\t\t\t\t<\/div>\n\t\t<\/section>\n\t\t\t\t<section class=\"elementor-section elementor-inner-section elementor-element elementor-element-2b7b7ce elementor-section-boxed elementor-section-height-default elementor-section-height-default\" data-id=\"2b7b7ce\" data-element_type=\"section\">\n\t\t\t\t\t\t<div class=\"elementor-container elementor-column-gap-default\">\n\t\t\t\t\t<div class=\"elementor-column elementor-col-25 elementor-inner-column elementor-element elementor-element-ce2738f\" data-id=\"ce2738f\" data-element_type=\"column\">\n\t\t\t<div class=\"elementor-widget-wrap elementor-element-populated\">\n\t\t\t\t\t\t<div class=\"elementor-element elementor-element-13b7e9e elementor-widget elementor-widget-image\" data-id=\"13b7e9e\" data-element_type=\"widget\" data-widget_type=\"image.default\">\n\t\t\t\t<div class=\"elementor-widget-container\">\n\t\t\t\t\t\t\t\t\t\t\t\t\t\t\t\t<a href=\"https:\/\/www.yoonpak.com\/de\/strasenessen\/\">\n\t\t\t\t\t\t\t<img loading=\"lazy\" decoding=\"async\" width=\"490\" height=\"317\" src=\"https:\/\/www.yoonpak.com\/wp-content\/uploads\/2023\/02\/street-food-paper-packaging.jpg\" class=\"attachment-large size-large wp-image-14796\" alt=\"Lebensmittelverpackungen aus Papier\" srcset=\"https:\/\/www.yoonpak.com\/wp-content\/uploads\/2023\/02\/street-food-paper-packaging.jpg 490w, https:\/\/www.yoonpak.com\/wp-content\/uploads\/2023\/02\/street-food-paper-packaging-226x146.jpg 226w, https:\/\/www.yoonpak.com\/wp-content\/uploads\/2023\/02\/street-food-paper-packaging-50x32.jpg 50w, https:\/\/www.yoonpak.com\/wp-content\/uploads\/2023\/02\/street-food-paper-packaging-116x75.jpg 116w\" sizes=\"(max-width: 490px) 100vw, 490px\" \/>\t\t\t\t\t\t\t\t<\/a>\n\t\t\t\t\t\t\t\t\t\t\t\t\t\t\t<\/div>\n\t\t\t\t<\/div>\n\t\t\t\t<div class=\"elementor-element elementor-element-5fadd50 elementor-widget elementor-widget-heading\" data-id=\"5fadd50\" data-element_type=\"widget\" data-widget_type=\"heading.default\">\n\t\t\t\t<div class=\"elementor-widget-container\">\n\t\t\t\t\t<h3 class=\"elementor-heading-title elementor-size-medium\"><a href=\"https:\/\/www.yoonpak.com\/de\/strasenessen\/\">Street Food<\/a><\/h3>\t\t\t\t<\/div>\n\t\t\t\t<\/div>\n\t\t\t\t<div class=\"elementor-element elementor-element-d3f7a93 elementor-widget elementor-widget-text-editor\" data-id=\"d3f7a93\" data-element_type=\"widget\" data-widget_type=\"text-editor.default\">\n\t\t\t\t<div class=\"elementor-widget-container\">\n\t\t\t\t\t\t\t\t\t<p><span style=\"font-weight: 400;\">Lassen Sie Ihre Kunden ihr Street Food mit Stil genie\u00dfen. Wir bieten eine gro\u00dfe Auswahl an Formen, Farben und Gr\u00f6\u00dfen - die perfekten Optionen, um das Kundenerlebnis zu verbessern.<\/span><\/p>\t\t\t\t\t\t\t\t<\/div>\n\t\t\t\t<\/div>\n\t\t\t\t\t<\/div>\n\t\t<\/div>\n\t\t\t\t<div class=\"elementor-column elementor-col-25 elementor-inner-column elementor-element elementor-element-c8e6de8\" data-id=\"c8e6de8\" data-element_type=\"column\">\n\t\t\t<div class=\"elementor-widget-wrap elementor-element-populated\">\n\t\t\t\t\t\t<div class=\"elementor-element elementor-element-c28275b elementor-widget elementor-widget-image\" data-id=\"c28275b\" data-element_type=\"widget\" data-widget_type=\"image.default\">\n\t\t\t\t<div class=\"elementor-widget-container\">\n\t\t\t\t\t\t\t\t\t\t\t\t\t\t\t\t<a href=\"https:\/\/www.yoonpak.com\/de\/catering-party\/\">\n\t\t\t\t\t\t\t<img loading=\"lazy\" decoding=\"async\" width=\"490\" height=\"317\" src=\"https:\/\/www.yoonpak.com\/wp-content\/uploads\/2023\/02\/catering-paper-cups.jpg\" class=\"attachment-large size-large wp-image-14838\" alt=\"Catering-Pappbecher\" srcset=\"https:\/\/www.yoonpak.com\/wp-content\/uploads\/2023\/02\/catering-paper-cups.jpg 490w, https:\/\/www.yoonpak.com\/wp-content\/uploads\/2023\/02\/catering-paper-cups-226x146.jpg 226w, https:\/\/www.yoonpak.com\/wp-content\/uploads\/2023\/02\/catering-paper-cups-50x32.jpg 50w, https:\/\/www.yoonpak.com\/wp-content\/uploads\/2023\/02\/catering-paper-cups-116x75.jpg 116w\" sizes=\"(max-width: 490px) 100vw, 490px\" \/>\t\t\t\t\t\t\t\t<\/a>\n\t\t\t\t\t\t\t\t\t\t\t\t\t\t\t<\/div>\n\t\t\t\t<\/div>\n\t\t\t\t<div class=\"elementor-element elementor-element-d21445b elementor-widget elementor-widget-heading\" data-id=\"d21445b\" data-element_type=\"widget\" data-widget_type=\"heading.default\">\n\t\t\t\t<div class=\"elementor-widget-container\">\n\t\t\t\t\t<h2 class=\"elementor-heading-title elementor-size-default\"><a href=\"https:\/\/www.yoonpak.com\/de\/catering-party\/\">Verpflegung &amp; Party<\/a><\/h2>\t\t\t\t<\/div>\n\t\t\t\t<\/div>\n\t\t\t\t<div class=\"elementor-element elementor-element-e5cf4be elementor-widget elementor-widget-text-editor\" data-id=\"e5cf4be\" data-element_type=\"widget\" data-widget_type=\"text-editor.default\">\n\t\t\t\t<div class=\"elementor-widget-container\">\n\t\t\t\t\t\t\t\t\t<p><span style=\"font-weight: 400;\">Pr\u00e4sentieren Sie Ihr Unternehmen mit auff\u00e4lligen Papierbeh\u00e4ltern f\u00fcr Ihr Lebensmittelgesch\u00e4ft. Unsere Einweg-Papierbeh\u00e4lter f\u00fcr Lebensmittel sind die perfekte Kombination aus Qualit\u00e4t und Erschwinglichkeit und eignen sich f\u00fcr jedes Catering- oder Partygesch\u00e4ft.<\/span><\/p>\t\t\t\t\t\t\t\t<\/div>\n\t\t\t\t<\/div>\n\t\t\t\t\t<\/div>\n\t\t<\/div>\n\t\t\t\t<div class=\"elementor-column elementor-col-25 elementor-inner-column elementor-element elementor-element-a612822\" data-id=\"a612822\" data-element_type=\"column\">\n\t\t\t<div class=\"elementor-widget-wrap elementor-element-populated\">\n\t\t\t\t\t\t\t<\/div>\n\t\t<\/div>\n\t\t\t\t<div class=\"elementor-column elementor-col-25 elementor-inner-column elementor-element elementor-element-6e2803e\" data-id=\"6e2803e\" data-element_type=\"column\">\n\t\t\t<div class=\"elementor-widget-wrap elementor-element-populated\">\n\t\t\t\t\t\t\t<\/div>\n\t\t<\/div>\n\t\t\t\t\t<\/div>\n\t\t<\/section>\n\t\t\t\t\t<\/div>\n\t\t<\/div>\n\t\t\t\t\t<\/div>\n\t\t<\/section>\n\t\t\t\t<\/div>","protected":false},"excerpt":{"rendered":"<p>YOON bietet eine Vielzahl von Papierbeh\u00e4ltern f\u00fcr Ihren gesamten Marktbedarf. Pappbecher, Beh\u00e4lter zum Mitnehmen und mehr. Sorgen Sie f\u00fcr zufriedene Kunden mit unseren hochwertigen Lebensmittelverpackungen aus Papier.<\/p>","protected":false},"author":1,"featured_media":0,"parent":0,"menu_order":0,"comment_status":"closed","ping_status":"closed","template":"","meta":{"_seopress_robots_primary_cat":"0","_seopress_titles_title":"Sustainable Paper Food Packaging for Virous Markets | YOON","_seopress_titles_desc":"YOON provides eco-friendly paper food containers for all your food service needs without compromising on quality. Custom design and short lead time.","_seopress_robots_index":"","footnotes":""},"class_list":["post-13892","page","type-page","status-publish","hentry"],"acf":[],"_links":{"self":[{"href":"https:\/\/www.yoonpak.com\/de\/wp-json\/wp\/v2\/pages\/13892","targetHints":{"allow":["GET"]}}],"collection":[{"href":"https:\/\/www.yoonpak.com\/de\/wp-json\/wp\/v2\/pages"}],"about":[{"href":"https:\/\/www.yoonpak.com\/de\/wp-json\/wp\/v2\/types\/page"}],"author":[{"embeddable":true,"href":"https:\/\/www.yoonpak.com\/de\/wp-json\/wp\/v2\/users\/1"}],"replies":[{"embeddable":true,"href":"https:\/\/www.yoonpak.com\/de\/wp-json\/wp\/v2\/comments?post=13892"}],"version-history":[{"count":13,"href":"https:\/\/www.yoonpak.com\/de\/wp-json\/wp\/v2\/pages\/13892\/revisions"}],"predecessor-version":[{"id":14842,"href":"https:\/\/www.yoonpak.com\/de\/wp-json\/wp\/v2\/pages\/13892\/revisions\/14842"}],"wp:attachment":[{"href":"https:\/\/www.yoonpak.com\/de\/wp-json\/wp\/v2\/media?parent=13892"}],"curies":[{"name":"wp","href":"https:\/\/api.w.org\/{rel}","templated":true}]}}