{"id":6008,"date":"2021-12-23T02:35:22","date_gmt":"2021-12-23T02:35:22","guid":{"rendered":"https:\/\/www.yoonpak.com\/?page_id=6008"},"modified":"2023-11-03T02:15:12","modified_gmt":"2023-11-03T02:15:12","slug":"blog","status":"publish","type":"page","link":"https:\/\/www.yoonpak.com\/de\/blog\/","title":{"rendered":"Blog"},"content":{"rendered":"<div data-elementor-type=\"wp-page\" data-elementor-id=\"6008\" class=\"elementor elementor-6008\" data-elementor-post-type=\"page\">\n\t\t\t\t\t\t<section class=\"elementor-section elementor-top-section elementor-element elementor-element-13cbf59 elementor-section-boxed elementor-section-height-default elementor-section-height-default\" data-id=\"13cbf59\" data-element_type=\"section\">\n\t\t\t\t\t\t<div class=\"elementor-container elementor-column-gap-default\">\n\t\t\t\t\t<div class=\"elementor-column elementor-col-100 elementor-top-column elementor-element elementor-element-8aacf57\" data-id=\"8aacf57\" data-element_type=\"column\">\n\t\t\t<div class=\"elementor-widget-wrap elementor-element-populated\">\n\t\t\t\t\t\t<div class=\"elementor-element elementor-element-f26990d elementor-widget elementor-widget-heading\" data-id=\"f26990d\" data-element_type=\"widget\" data-widget_type=\"heading.default\">\n\t\t\t\t<div class=\"elementor-widget-container\">\n\t\t\t\t\t<h2 class=\"elementor-heading-title elementor-size-default\">Blogs &amp; Einblicke<\/h2>\t\t\t\t<\/div>\n\t\t\t\t<\/div>\n\t\t\t\t\t<\/div>\n\t\t<\/div>\n\t\t\t\t\t<\/div>\n\t\t<\/section>\n\t\t\t\t<section class=\"elementor-section elementor-top-section elementor-element elementor-element-90e3441 elementor-section-boxed elementor-section-height-default elementor-section-height-default\" data-id=\"90e3441\" data-element_type=\"section\">\n\t\t\t\t\t\t<div class=\"elementor-container elementor-column-gap-default\">\n\t\t\t\t\t<div class=\"elementor-column elementor-col-100 elementor-top-column elementor-element elementor-element-1b0ae64\" data-id=\"1b0ae64\" data-element_type=\"column\">\n\t\t\t<div class=\"elementor-widget-wrap elementor-element-populated\">\n\t\t\t\t\t\t<div class=\"elementor-element elementor-element-b522747 elementor-grid-3 elementor-grid-tablet-2 elementor-grid-mobile-1 elementor-posts--thumbnail-top elementor-widget elementor-widget-posts\" data-id=\"b522747\" data-element_type=\"widget\" data-settings=\"{&quot;pagination_type&quot;:&quot;numbers_and_prev_next&quot;,&quot;classic_columns&quot;:&quot;3&quot;,&quot;classic_columns_tablet&quot;:&quot;2&quot;,&quot;classic_columns_mobile&quot;:&quot;1&quot;,&quot;classic_row_gap&quot;:{&quot;unit&quot;:&quot;px&quot;,&quot;size&quot;:35,&quot;sizes&quot;:[]},&quot;classic_row_gap_tablet&quot;:{&quot;unit&quot;:&quot;px&quot;,&quot;size&quot;:&quot;&quot;,&quot;sizes&quot;:[]},&quot;classic_row_gap_mobile&quot;:{&quot;unit&quot;:&quot;px&quot;,&quot;size&quot;:&quot;&quot;,&quot;sizes&quot;:[]}}\" data-widget_type=\"posts.classic\">\n\t\t\t\t<div class=\"elementor-widget-container\">\n\t\t\t\t\t\t\t<div class=\"elementor-posts-container elementor-posts elementor-posts--skin-classic elementor-grid\">\n\t\t\t\t<article class=\"elementor-post elementor-grid-item post-85142 post type-post status-publish format-standard has-post-thumbnail hentry category-mml-blog\">\n\t\t\t\t<a class=\"elementor-post__thumbnail__link\" href=\"https:\/\/www.yoonpak.com\/de\/liste-der-fast-food-franchiseunternehmen\/\" tabindex=\"-1\" >\n\t\t\t<div class=\"elementor-post__thumbnail\"><img fetchpriority=\"high\" decoding=\"async\" width=\"1024\" height=\"768\" src=\"https:\/\/www.yoonpak.com\/wp-content\/uploads\/2026\/04\/fast-food-franchises-list.webp\" class=\"attachment-medium size-medium wp-image-85138\" alt=\"Liste der Fast-Food-Franchiseunternehmen\" srcset=\"https:\/\/www.yoonpak.com\/wp-content\/uploads\/2026\/04\/fast-food-franchises-list.webp 1024w, https:\/\/www.yoonpak.com\/wp-content\/uploads\/2026\/04\/fast-food-franchises-list-768x576.webp 768w, https:\/\/www.yoonpak.com\/wp-content\/uploads\/2026\/04\/fast-food-franchises-list-16x12.webp 16w, https:\/\/www.yoonpak.com\/wp-content\/uploads\/2026\/04\/fast-food-franchises-list-195x146.webp 195w, https:\/\/www.yoonpak.com\/wp-content\/uploads\/2026\/04\/fast-food-franchises-list-50x38.webp 50w, https:\/\/www.yoonpak.com\/wp-content\/uploads\/2026\/04\/fast-food-franchises-list-100x75.webp 100w, https:\/\/www.yoonpak.com\/wp-content\/uploads\/2026\/04\/fast-food-franchises-list-960x720.webp 960w\" sizes=\"(max-width: 1024px) 100vw, 1024px\" \/><\/div>\n\t\t<\/a>\n\t\t\t\t<div class=\"elementor-post__text\">\n\t\t\t\t<h3 class=\"elementor-post__title\">\n\t\t\t<a href=\"https:\/\/www.yoonpak.com\/de\/liste-der-fast-food-franchiseunternehmen\/\" >\n\t\t\t\tListe der Fast-Food-Franchise-Unternehmen: Wie Sie ein Fast-Food-Franchise mit hohem ROI und niedrigen Kosten finden\t\t\t<\/a>\n\t\t<\/h3>\n\t\t\t\t<div class=\"elementor-post__meta-data\">\n\t\t\t\t\t<span class=\"elementor-post-date\">\n\t\t\tApril 23, 2026\t\t<\/span>\n\t\t\t\t<span class=\"elementor-post-avatar\">\n\t\t\tKeine Kommentare\t\t<\/span>\n\t\t\t\t<\/div>\n\t\t\t\t<div class=\"elementor-post__excerpt\">\n\t\t\t<p>Liste der Fast-Food-Franchises: Wie Sie ein Fast-Food-Franchise mit hoher Rendite und niedrigen Kosten finden Der Einstieg in die Schnellrestaurantbranche (QSR) gilt weithin als eine der<\/p>\n\t\t<\/div>\n\t\t\n\t\t<a class=\"elementor-post__read-more\" href=\"https:\/\/www.yoonpak.com\/de\/liste-der-fast-food-franchiseunternehmen\/\" aria-label=\"Lesen Sie mehr \u00fcber Fast Food Franchises List: Wie Sie ein Fast-Food-Franchise mit hohem ROI und niedrigen Kosten finden\" tabindex=\"-1\" >\n\t\t\tMehr lesen \"\t\t<\/a>\n\n\t\t\t\t<\/div>\n\t\t\t\t<\/article>\n\t\t\t\t<article class=\"elementor-post elementor-grid-item post-85130 post type-post status-publish format-standard has-post-thumbnail hentry category-mml-blog\">\n\t\t\t\t<a class=\"elementor-post__thumbnail__link\" href=\"https:\/\/www.yoonpak.com\/de\/leitfaden-fur-fast-food-unternehmen\/\" tabindex=\"-1\" >\n\t\t\t<div class=\"elementor-post__thumbnail\"><img decoding=\"async\" width=\"1024\" height=\"768\" src=\"https:\/\/www.yoonpak.com\/wp-content\/uploads\/2026\/04\/fast-food-business.webp\" class=\"attachment-medium size-medium wp-image-85125\" alt=\"Fast-Food-Gesch\u00e4ft\" srcset=\"https:\/\/www.yoonpak.com\/wp-content\/uploads\/2026\/04\/fast-food-business.webp 1024w, https:\/\/www.yoonpak.com\/wp-content\/uploads\/2026\/04\/fast-food-business-768x576.webp 768w, https:\/\/www.yoonpak.com\/wp-content\/uploads\/2026\/04\/fast-food-business-16x12.webp 16w, https:\/\/www.yoonpak.com\/wp-content\/uploads\/2026\/04\/fast-food-business-195x146.webp 195w, https:\/\/www.yoonpak.com\/wp-content\/uploads\/2026\/04\/fast-food-business-50x38.webp 50w, https:\/\/www.yoonpak.com\/wp-content\/uploads\/2026\/04\/fast-food-business-100x75.webp 100w, https:\/\/www.yoonpak.com\/wp-content\/uploads\/2026\/04\/fast-food-business-960x720.webp 960w\" sizes=\"(max-width: 1024px) 100vw, 1024px\" \/><\/div>\n\t\t<\/a>\n\t\t\t\t<div class=\"elementor-post__text\">\n\t\t\t\t<h3 class=\"elementor-post__title\">\n\t\t\t<a href=\"https:\/\/www.yoonpak.com\/de\/leitfaden-fur-fast-food-unternehmen\/\" >\n\t\t\t\tWie man ein profitables Fast-Food-Unternehmen gr\u00fcndet: Budgets, Layouts und Kostenfallen\t\t\t<\/a>\n\t\t<\/h3>\n\t\t\t\t<div class=\"elementor-post__meta-data\">\n\t\t\t\t\t<span class=\"elementor-post-date\">\n\t\t\tApril 23, 2026\t\t<\/span>\n\t\t\t\t<span class=\"elementor-post-avatar\">\n\t\t\tKeine Kommentare\t\t<\/span>\n\t\t\t\t<\/div>\n\t\t\t\t<div class=\"elementor-post__excerpt\">\n\t\t\t<p>Wie man ein profitables Fast-Food-Unternehmen gr\u00fcndet: Budgets, Layouts und Kostenfallen Willkommen in der Fast-Food-Branche - einem \u00e4u\u00dferst lukrativen Schlachtfeld, in dem Leidenschaft weit verbreitet ist,<\/p>\n\t\t<\/div>\n\t\t\n\t\t<a class=\"elementor-post__read-more\" href=\"https:\/\/www.yoonpak.com\/de\/leitfaden-fur-fast-food-unternehmen\/\" aria-label=\"Lesen Sie mehr dar\u00fcber, wie Sie ein profitables Fast-Food-Unternehmen gr\u00fcnden: Budgets, Layouts und Kostenfallen\" tabindex=\"-1\" >\n\t\t\tMehr lesen \"\t\t<\/a>\n\n\t\t\t\t<\/div>\n\t\t\t\t<\/article>\n\t\t\t\t<article class=\"elementor-post elementor-grid-item post-85076 post type-post status-publish format-standard has-post-thumbnail hentry category-mml-blog\">\n\t\t\t\t<a class=\"elementor-post__thumbnail__link\" href=\"https:\/\/www.yoonpak.com\/de\/wie-man-ein-schnellrestaurant-eroffnet\/\" tabindex=\"-1\" >\n\t\t\t<div class=\"elementor-post__thumbnail\"><img decoding=\"async\" width=\"1024\" height=\"768\" src=\"https:\/\/www.yoonpak.com\/wp-content\/uploads\/2026\/04\/how-to-start-a-fast-food-restaurant.webp\" class=\"attachment-medium size-medium wp-image-85070\" alt=\"wie man ein Schnellrestaurant er\u00f6ffnet\" srcset=\"https:\/\/www.yoonpak.com\/wp-content\/uploads\/2026\/04\/how-to-start-a-fast-food-restaurant.webp 1024w, https:\/\/www.yoonpak.com\/wp-content\/uploads\/2026\/04\/how-to-start-a-fast-food-restaurant-768x576.webp 768w, https:\/\/www.yoonpak.com\/wp-content\/uploads\/2026\/04\/how-to-start-a-fast-food-restaurant-16x12.webp 16w, https:\/\/www.yoonpak.com\/wp-content\/uploads\/2026\/04\/how-to-start-a-fast-food-restaurant-195x146.webp 195w, https:\/\/www.yoonpak.com\/wp-content\/uploads\/2026\/04\/how-to-start-a-fast-food-restaurant-50x38.webp 50w, https:\/\/www.yoonpak.com\/wp-content\/uploads\/2026\/04\/how-to-start-a-fast-food-restaurant-100x75.webp 100w, https:\/\/www.yoonpak.com\/wp-content\/uploads\/2026\/04\/how-to-start-a-fast-food-restaurant-960x720.webp 960w\" sizes=\"(max-width: 1024px) 100vw, 1024px\" \/><\/div>\n\t\t<\/a>\n\t\t\t\t<div class=\"elementor-post__text\">\n\t\t\t\t<h3 class=\"elementor-post__title\">\n\t\t\t<a href=\"https:\/\/www.yoonpak.com\/de\/wie-man-ein-schnellrestaurant-eroffnet\/\" >\n\t\t\t\tWie man ein Fast Food Restaurant er\u00f6ffnet: Wahre Kosten, Ideen &amp; Schritte\t\t\t<\/a>\n\t\t<\/h3>\n\t\t\t\t<div class=\"elementor-post__meta-data\">\n\t\t\t\t\t<span class=\"elementor-post-date\">\n\t\t\t22. April 2026\t\t<\/span>\n\t\t\t\t<span class=\"elementor-post-avatar\">\n\t\t\tKeine Kommentare\t\t<\/span>\n\t\t\t\t<\/div>\n\t\t\t\t<div class=\"elementor-post__excerpt\">\n\t\t\t<p>Wie man ein Fast-Food-Restaurant er\u00f6ffnet: Wahre Kosten, Ideen und Schritte Die Gr\u00fcndung eines Fast-Food-Restaurants wird oft sehr romantisch dargestellt. Viele angehende Unternehmer stehen in ihrem<\/p>\n\t\t<\/div>\n\t\t\n\t\t<a class=\"elementor-post__read-more\" href=\"https:\/\/www.yoonpak.com\/de\/wie-man-ein-schnellrestaurant-eroffnet\/\" aria-label=\"Lesen Sie mehr dar\u00fcber, wie man ein Fast Food Restaurant er\u00f6ffnet: Wahre Kosten, Ideen &amp; Schritte\" tabindex=\"-1\" >\n\t\t\tMehr lesen \"\t\t<\/a>\n\n\t\t\t\t<\/div>\n\t\t\t\t<\/article>\n\t\t\t\t<article class=\"elementor-post elementor-grid-item post-85059 post type-post status-publish format-standard has-post-thumbnail hentry category-mml-blog\">\n\t\t\t\t<a class=\"elementor-post__thumbnail__link\" href=\"https:\/\/www.yoonpak.com\/de\/restaurant-marketing-ideen\/\" tabindex=\"-1\" >\n\t\t\t<div class=\"elementor-post__thumbnail\"><img loading=\"lazy\" decoding=\"async\" width=\"1024\" height=\"768\" src=\"https:\/\/www.yoonpak.com\/wp-content\/uploads\/2026\/04\/restaurant-marketing-ideas.webp\" class=\"attachment-medium size-medium wp-image-85053\" alt=\"Restaurant-Marketing-Ideen\" srcset=\"https:\/\/www.yoonpak.com\/wp-content\/uploads\/2026\/04\/restaurant-marketing-ideas.webp 1024w, https:\/\/www.yoonpak.com\/wp-content\/uploads\/2026\/04\/restaurant-marketing-ideas-768x576.webp 768w, https:\/\/www.yoonpak.com\/wp-content\/uploads\/2026\/04\/restaurant-marketing-ideas-16x12.webp 16w, https:\/\/www.yoonpak.com\/wp-content\/uploads\/2026\/04\/restaurant-marketing-ideas-195x146.webp 195w, https:\/\/www.yoonpak.com\/wp-content\/uploads\/2026\/04\/restaurant-marketing-ideas-50x38.webp 50w, https:\/\/www.yoonpak.com\/wp-content\/uploads\/2026\/04\/restaurant-marketing-ideas-100x75.webp 100w, https:\/\/www.yoonpak.com\/wp-content\/uploads\/2026\/04\/restaurant-marketing-ideas-960x720.webp 960w\" sizes=\"(max-width: 1024px) 100vw, 1024px\" \/><\/div>\n\t\t<\/a>\n\t\t\t\t<div class=\"elementor-post__text\">\n\t\t\t\t<h3 class=\"elementor-post__title\">\n\t\t\t<a href=\"https:\/\/www.yoonpak.com\/de\/restaurant-marketing-ideen\/\" >\n\t\t\t\tSchluss mit dem Rabattieren: Restaurant-Marketing-Ideen, die tats\u00e4chlich den Umsatz steigern\t\t\t<\/a>\n\t\t<\/h3>\n\t\t\t\t<div class=\"elementor-post__meta-data\">\n\t\t\t\t\t<span class=\"elementor-post-date\">\n\t\t\t22. April 2026\t\t<\/span>\n\t\t\t\t<span class=\"elementor-post-avatar\">\n\t\t\tKeine Kommentare\t\t<\/span>\n\t\t\t\t<\/div>\n\t\t\t\t<div class=\"elementor-post__excerpt\">\n\t\t\t<p>Schluss mit dem Rabattieren: Restaurant-Marketing-Ideen, die tats\u00e4chlich den Umsatz steigern Wenn Sie dies lesen, sind Sie wahrscheinlich ersch\u00f6pft von dem endlosen Kreislauf der Rabattaktionen. Sie<\/p>\n\t\t<\/div>\n\t\t\n\t\t<a class=\"elementor-post__read-more\" href=\"https:\/\/www.yoonpak.com\/de\/restaurant-marketing-ideen\/\" aria-label=\"Lesen Sie mehr \u00fcber Stop Discounting: Restaurant-Marketing-Ideen, die tats\u00e4chlich den Umsatz steigern\" tabindex=\"-1\" >\n\t\t\tMehr lesen \"\t\t<\/a>\n\n\t\t\t\t<\/div>\n\t\t\t\t<\/article>\n\t\t\t\t<article class=\"elementor-post elementor-grid-item post-85036 post type-post status-publish format-standard has-post-thumbnail hentry category-mml-blog\">\n\t\t\t\t<a class=\"elementor-post__thumbnail__link\" href=\"https:\/\/www.yoonpak.com\/de\/was-ist-ein-pop-up-restaurant\/\" tabindex=\"-1\" >\n\t\t\t<div class=\"elementor-post__thumbnail\"><img loading=\"lazy\" decoding=\"async\" width=\"1024\" height=\"768\" src=\"https:\/\/www.yoonpak.com\/wp-content\/uploads\/2026\/04\/what-is-a-pop-up-restaurant.webp\" class=\"attachment-medium size-medium wp-image-85039\" alt=\"Was ist ein Pop-up-Restaurant?\" srcset=\"https:\/\/www.yoonpak.com\/wp-content\/uploads\/2026\/04\/what-is-a-pop-up-restaurant.webp 1024w, https:\/\/www.yoonpak.com\/wp-content\/uploads\/2026\/04\/what-is-a-pop-up-restaurant-768x576.webp 768w, https:\/\/www.yoonpak.com\/wp-content\/uploads\/2026\/04\/what-is-a-pop-up-restaurant-16x12.webp 16w, https:\/\/www.yoonpak.com\/wp-content\/uploads\/2026\/04\/what-is-a-pop-up-restaurant-195x146.webp 195w, https:\/\/www.yoonpak.com\/wp-content\/uploads\/2026\/04\/what-is-a-pop-up-restaurant-50x38.webp 50w, https:\/\/www.yoonpak.com\/wp-content\/uploads\/2026\/04\/what-is-a-pop-up-restaurant-100x75.webp 100w, https:\/\/www.yoonpak.com\/wp-content\/uploads\/2026\/04\/what-is-a-pop-up-restaurant-960x720.webp 960w\" sizes=\"(max-width: 1024px) 100vw, 1024px\" \/><\/div>\n\t\t<\/a>\n\t\t\t\t<div class=\"elementor-post__text\">\n\t\t\t\t<h3 class=\"elementor-post__title\">\n\t\t\t<a href=\"https:\/\/www.yoonpak.com\/de\/was-ist-ein-pop-up-restaurant\/\" >\n\t\t\t\tWas ist ein Pop-Up-Restaurant? Der ultimative Leitfaden f\u00fcr Kosten, Genehmigungen und ROI\t\t\t<\/a>\n\t\t<\/h3>\n\t\t\t\t<div class=\"elementor-post__meta-data\">\n\t\t\t\t\t<span class=\"elementor-post-date\">\n\t\t\t22. April 2026\t\t<\/span>\n\t\t\t\t<span class=\"elementor-post-avatar\">\n\t\t\tKeine Kommentare\t\t<\/span>\n\t\t\t\t<\/div>\n\t\t\t\t<div class=\"elementor-post__excerpt\">\n\t\t\t<p>Was ist ein Pop-Up-Restaurant? Der ultimative Leitfaden zu Kosten, Genehmigungen und Rendite Das traditionelle Gastst\u00e4ttengewerbe befindet sich in einem Umbruch. Jahrzehntelang war die Barriere<\/p>\n\t\t<\/div>\n\t\t\n\t\t<a class=\"elementor-post__read-more\" href=\"https:\/\/www.yoonpak.com\/de\/was-ist-ein-pop-up-restaurant\/\" aria-label=\"Lesen Sie mehr \u00fcber Was ist ein Pop-Up-Restaurant? Der ultimative Leitfaden zu Kosten, Genehmigungen und ROI\" tabindex=\"-1\" >\n\t\t\tMehr lesen \"\t\t<\/a>\n\n\t\t\t\t<\/div>\n\t\t\t\t<\/article>\n\t\t\t\t<article class=\"elementor-post elementor-grid-item post-85029 post type-post status-publish format-standard has-post-thumbnail hentry category-mml-blog\">\n\t\t\t\t<a class=\"elementor-post__thumbnail__link\" href=\"https:\/\/www.yoonpak.com\/de\/cafes-rentabel\/\" tabindex=\"-1\" >\n\t\t\t<div class=\"elementor-post__thumbnail\"><img loading=\"lazy\" decoding=\"async\" width=\"1024\" height=\"768\" src=\"https:\/\/www.yoonpak.com\/wp-content\/uploads\/2026\/04\/are-coffee-shops-profitable.webp\" class=\"attachment-medium size-medium wp-image-85025\" alt=\"sind Coffeeshops rentabel\" srcset=\"https:\/\/www.yoonpak.com\/wp-content\/uploads\/2026\/04\/are-coffee-shops-profitable.webp 1024w, https:\/\/www.yoonpak.com\/wp-content\/uploads\/2026\/04\/are-coffee-shops-profitable-768x576.webp 768w, https:\/\/www.yoonpak.com\/wp-content\/uploads\/2026\/04\/are-coffee-shops-profitable-16x12.webp 16w, https:\/\/www.yoonpak.com\/wp-content\/uploads\/2026\/04\/are-coffee-shops-profitable-195x146.webp 195w, https:\/\/www.yoonpak.com\/wp-content\/uploads\/2026\/04\/are-coffee-shops-profitable-50x38.webp 50w, https:\/\/www.yoonpak.com\/wp-content\/uploads\/2026\/04\/are-coffee-shops-profitable-100x75.webp 100w, https:\/\/www.yoonpak.com\/wp-content\/uploads\/2026\/04\/are-coffee-shops-profitable-960x720.webp 960w\" sizes=\"(max-width: 1024px) 100vw, 1024px\" \/><\/div>\n\t\t<\/a>\n\t\t\t\t<div class=\"elementor-post__text\">\n\t\t\t\t<h3 class=\"elementor-post__title\">\n\t\t\t<a href=\"https:\/\/www.yoonpak.com\/de\/cafes-rentabel\/\" >\n\t\t\t\tSind Coffee Shops profitabel? Die kalte, harte Wahrheit \u00fcber die Gewinnspannen von Caf\u00e9s\t\t\t<\/a>\n\t\t<\/h3>\n\t\t\t\t<div class=\"elementor-post__meta-data\">\n\t\t\t\t\t<span class=\"elementor-post-date\">\n\t\t\t22. April 2026\t\t<\/span>\n\t\t\t\t<span class=\"elementor-post-avatar\">\n\t\t\tKeine Kommentare\t\t<\/span>\n\t\t\t\t<\/div>\n\t\t\t\t<div class=\"elementor-post__excerpt\">\n\t\t\t<p>Sind Coffee Shops profitabel? Die kalte, harte Wahrheit \u00fcber die Gewinnspannen von Caf\u00e9s Der Traum von der Er\u00f6ffnung eines Coffeeshops ist verlockend. Er wird befeuert durch die romantisierte<\/p>\n\t\t<\/div>\n\t\t\n\t\t<a class=\"elementor-post__read-more\" href=\"https:\/\/www.yoonpak.com\/de\/cafes-rentabel\/\" aria-label=\"Lesen Sie mehr \u00fcber Sind Coffee Shops profitabel? Die kalte, harte Wahrheit \u00fcber die Gewinnspannen von Caf\u00e9s\" tabindex=\"-1\" >\n\t\t\tMehr lesen \"\t\t<\/a>\n\n\t\t\t\t<\/div>\n\t\t\t\t<\/article>\n\t\t\t\t<\/div>\n\t\t\n\t\t\t\t<div class=\"e-load-more-anchor\" data-page=\"1\" data-max-page=\"32\" data-next-page=\"https:\/\/www.yoonpak.com\/de\/wp-json\/wp\/v2\/pages\/6008\/page\/2\/\"><\/div>\n\t\t\t\t<nav class=\"elementor-pagination\" aria-label=\"Paginierung\">\n\t\t\t<span class=\"page-numbers prev\"><\/span>\n<span aria-current=\"page\" class=\"page-numbers current\"><span class=\"elementor-screen-only\">Seite<\/span>1<\/span>\n<a class=\"page-numbers\" href=\"https:\/\/www.yoonpak.com\/de\/wp-json\/wp\/v2\/pages\/6008\/page\/2\/\"><span class=\"elementor-screen-only\">Seite<\/span>2<\/a>\n<a class=\"page-numbers\" href=\"https:\/\/www.yoonpak.com\/de\/wp-json\/wp\/v2\/pages\/6008\/page\/3\/\"><span class=\"elementor-screen-only\">Seite<\/span>3<\/a>\n<span class=\"page-numbers dots\">...<\/span>\n<a class=\"page-numbers\" href=\"https:\/\/www.yoonpak.com\/de\/wp-json\/wp\/v2\/pages\/6008\/page\/32\/\"><span class=\"elementor-screen-only\">Seite<\/span>32<\/a>\n<a class=\"page-numbers next\" href=\"https:\/\/www.yoonpak.com\/de\/wp-json\/wp\/v2\/pages\/6008\/page\/2\/\">N\u00e4chste \"<\/a>\t\t<\/nav>\n\t\t\t\t\t\t<\/div>\n\t\t\t\t<\/div>\n\t\t\t\t\t<\/div>\n\t\t<\/div>\n\t\t\t\t\t<\/div>\n\t\t<\/section>\n\t\t\t\t<\/div>","protected":false},"excerpt":{"rendered":"<p>Blogs &amp; Einblicke<\/p>","protected":false},"author":1,"featured_media":0,"parent":0,"menu_order":0,"comment_status":"closed","ping_status":"closed","template":"","meta":{"_seopress_robots_primary_cat":"0","_seopress_titles_title":"","_seopress_titles_desc":"","_seopress_robots_index":"","footnotes":""},"class_list":["post-6008","page","type-page","status-publish","hentry"],"acf":[],"_links":{"self":[{"href":"https:\/\/www.yoonpak.com\/de\/wp-json\/wp\/v2\/pages\/6008","targetHints":{"allow":["GET"]}}],"collection":[{"href":"https:\/\/www.yoonpak.com\/de\/wp-json\/wp\/v2\/pages"}],"about":[{"href":"https:\/\/www.yoonpak.com\/de\/wp-json\/wp\/v2\/types\/page"}],"author":[{"embeddable":true,"href":"https:\/\/www.yoonpak.com\/de\/wp-json\/wp\/v2\/users\/1"}],"replies":[{"embeddable":true,"href":"https:\/\/www.yoonpak.com\/de\/wp-json\/wp\/v2\/comments?post=6008"}],"version-history":[{"count":27,"href":"https:\/\/www.yoonpak.com\/de\/wp-json\/wp\/v2\/pages\/6008\/revisions"}],"predecessor-version":[{"id":24584,"href":"https:\/\/www.yoonpak.com\/de\/wp-json\/wp\/v2\/pages\/6008\/revisions\/24584"}],"wp:attachment":[{"href":"https:\/\/www.yoonpak.com\/de\/wp-json\/wp\/v2\/media?parent=6008"}],"curies":[{"name":"wp","href":"https:\/\/api.w.org\/{rel}","templated":true}]}}