{"id":6008,"date":"2021-12-23T02:35:22","date_gmt":"2021-12-23T02:35:22","guid":{"rendered":"https:\/\/www.yoonpak.com\/?page_id=6008"},"modified":"2023-11-03T02:15:12","modified_gmt":"2023-11-03T02:15:12","slug":"blog","status":"publish","type":"page","link":"https:\/\/www.yoonpak.com\/es\/blog\/","title":{"rendered":"Blog"},"content":{"rendered":"<div data-elementor-type=\"wp-page\" data-elementor-id=\"6008\" class=\"elementor elementor-6008\" data-elementor-post-type=\"page\">\n\t\t\t\t\t\t<section class=\"elementor-section elementor-top-section elementor-element elementor-element-13cbf59 elementor-section-boxed elementor-section-height-default elementor-section-height-default\" data-id=\"13cbf59\" data-element_type=\"section\">\n\t\t\t\t\t\t<div class=\"elementor-container elementor-column-gap-default\">\n\t\t\t\t\t<div class=\"elementor-column elementor-col-100 elementor-top-column elementor-element elementor-element-8aacf57\" data-id=\"8aacf57\" data-element_type=\"column\">\n\t\t\t<div class=\"elementor-widget-wrap elementor-element-populated\">\n\t\t\t\t\t\t<div class=\"elementor-element elementor-element-f26990d elementor-widget elementor-widget-heading\" data-id=\"f26990d\" data-element_type=\"widget\" data-widget_type=\"heading.default\">\n\t\t\t\t<div class=\"elementor-widget-container\">\n\t\t\t\t\t<h2 class=\"elementor-heading-title elementor-size-default\">Blogs y opiniones<\/h2>\t\t\t\t<\/div>\n\t\t\t\t<\/div>\n\t\t\t\t\t<\/div>\n\t\t<\/div>\n\t\t\t\t\t<\/div>\n\t\t<\/section>\n\t\t\t\t<section class=\"elementor-section elementor-top-section elementor-element elementor-element-90e3441 elementor-section-boxed elementor-section-height-default elementor-section-height-default\" data-id=\"90e3441\" data-element_type=\"section\">\n\t\t\t\t\t\t<div class=\"elementor-container elementor-column-gap-default\">\n\t\t\t\t\t<div class=\"elementor-column elementor-col-100 elementor-top-column elementor-element elementor-element-1b0ae64\" data-id=\"1b0ae64\" data-element_type=\"column\">\n\t\t\t<div class=\"elementor-widget-wrap elementor-element-populated\">\n\t\t\t\t\t\t<div class=\"elementor-element elementor-element-b522747 elementor-grid-3 elementor-grid-tablet-2 elementor-grid-mobile-1 elementor-posts--thumbnail-top elementor-widget elementor-widget-posts\" data-id=\"b522747\" data-element_type=\"widget\" data-settings=\"{&quot;pagination_type&quot;:&quot;numbers_and_prev_next&quot;,&quot;classic_columns&quot;:&quot;3&quot;,&quot;classic_columns_tablet&quot;:&quot;2&quot;,&quot;classic_columns_mobile&quot;:&quot;1&quot;,&quot;classic_row_gap&quot;:{&quot;unit&quot;:&quot;px&quot;,&quot;size&quot;:35,&quot;sizes&quot;:[]},&quot;classic_row_gap_tablet&quot;:{&quot;unit&quot;:&quot;px&quot;,&quot;size&quot;:&quot;&quot;,&quot;sizes&quot;:[]},&quot;classic_row_gap_mobile&quot;:{&quot;unit&quot;:&quot;px&quot;,&quot;size&quot;:&quot;&quot;,&quot;sizes&quot;:[]}}\" data-widget_type=\"posts.classic\">\n\t\t\t\t<div class=\"elementor-widget-container\">\n\t\t\t\t\t\t\t<div class=\"elementor-posts-container elementor-posts elementor-posts--skin-classic elementor-grid\">\n\t\t\t\t<article class=\"elementor-post elementor-grid-item post-85142 post type-post status-publish format-standard has-post-thumbnail hentry category-mml-blog\">\n\t\t\t\t<a class=\"elementor-post__thumbnail__link\" href=\"https:\/\/www.yoonpak.com\/es\/lista-de-franquicias-de-comida-rapida\/\" tabindex=\"-1\" >\n\t\t\t<div class=\"elementor-post__thumbnail\"><img fetchpriority=\"high\" decoding=\"async\" width=\"1024\" height=\"768\" src=\"https:\/\/www.yoonpak.com\/wp-content\/uploads\/2026\/04\/fast-food-franchises-list.webp\" class=\"attachment-medium size-medium wp-image-85138\" alt=\"lista de franquicias de comida r\u00e1pida\" srcset=\"https:\/\/www.yoonpak.com\/wp-content\/uploads\/2026\/04\/fast-food-franchises-list.webp 1024w, https:\/\/www.yoonpak.com\/wp-content\/uploads\/2026\/04\/fast-food-franchises-list-768x576.webp 768w, https:\/\/www.yoonpak.com\/wp-content\/uploads\/2026\/04\/fast-food-franchises-list-16x12.webp 16w, https:\/\/www.yoonpak.com\/wp-content\/uploads\/2026\/04\/fast-food-franchises-list-195x146.webp 195w, https:\/\/www.yoonpak.com\/wp-content\/uploads\/2026\/04\/fast-food-franchises-list-50x38.webp 50w, https:\/\/www.yoonpak.com\/wp-content\/uploads\/2026\/04\/fast-food-franchises-list-100x75.webp 100w, https:\/\/www.yoonpak.com\/wp-content\/uploads\/2026\/04\/fast-food-franchises-list-960x720.webp 960w\" sizes=\"(max-width: 1024px) 100vw, 1024px\" \/><\/div>\n\t\t<\/a>\n\t\t\t\t<div class=\"elementor-post__text\">\n\t\t\t\t<h3 class=\"elementor-post__title\">\n\t\t\t<a href=\"https:\/\/www.yoonpak.com\/es\/lista-de-franquicias-de-comida-rapida\/\" >\n\t\t\t\tLista de franquicias de comida r\u00e1pida: C\u00f3mo encontrar una franquicia de comida r\u00e1pida de alto ROI y bajo coste\t\t\t<\/a>\n\t\t<\/h3>\n\t\t\t\t<div class=\"elementor-post__meta-data\">\n\t\t\t\t\t<span class=\"elementor-post-date\">\n\t\t\t23 de abril de 2026\t\t<\/span>\n\t\t\t\t<span class=\"elementor-post-avatar\">\n\t\t\tNo hay comentarios\t\t<\/span>\n\t\t\t\t<\/div>\n\t\t\t\t<div class=\"elementor-post__excerpt\">\n\t\t\t<p>Lista de franquicias de comida r\u00e1pida: C\u00f3mo encontrar una franquicia de comida r\u00e1pida de alto ROI y bajo coste Entrar en la industria de los restaurantes de servicio r\u00e1pido (QSR) est\u00e1 ampliamente considerado como uno de los<\/p>\n\t\t<\/div>\n\t\t\n\t\t<a class=\"elementor-post__read-more\" href=\"https:\/\/www.yoonpak.com\/es\/lista-de-franquicias-de-comida-rapida\/\" aria-label=\"Leer m\u00e1s sobre Lista de franquicias de comida r\u00e1pida: C\u00f3mo encontrar una franquicia de comida r\u00e1pida de alto ROI y bajo coste\" tabindex=\"-1\" >\n\t\t\tLeer M\u00e1s \"\t\t<\/a>\n\n\t\t\t\t<\/div>\n\t\t\t\t<\/article>\n\t\t\t\t<article class=\"elementor-post elementor-grid-item post-85130 post type-post status-publish format-standard has-post-thumbnail hentry category-mml-blog\">\n\t\t\t\t<a class=\"elementor-post__thumbnail__link\" href=\"https:\/\/www.yoonpak.com\/es\/guia-de-negocios-de-comida-rapida\/\" tabindex=\"-1\" >\n\t\t\t<div class=\"elementor-post__thumbnail\"><img decoding=\"async\" width=\"1024\" height=\"768\" src=\"https:\/\/www.yoonpak.com\/wp-content\/uploads\/2026\/04\/fast-food-business.webp\" class=\"attachment-medium size-medium wp-image-85125\" alt=\"negocio de comida r\u00e1pida\" srcset=\"https:\/\/www.yoonpak.com\/wp-content\/uploads\/2026\/04\/fast-food-business.webp 1024w, https:\/\/www.yoonpak.com\/wp-content\/uploads\/2026\/04\/fast-food-business-768x576.webp 768w, https:\/\/www.yoonpak.com\/wp-content\/uploads\/2026\/04\/fast-food-business-16x12.webp 16w, https:\/\/www.yoonpak.com\/wp-content\/uploads\/2026\/04\/fast-food-business-195x146.webp 195w, https:\/\/www.yoonpak.com\/wp-content\/uploads\/2026\/04\/fast-food-business-50x38.webp 50w, https:\/\/www.yoonpak.com\/wp-content\/uploads\/2026\/04\/fast-food-business-100x75.webp 100w, https:\/\/www.yoonpak.com\/wp-content\/uploads\/2026\/04\/fast-food-business-960x720.webp 960w\" sizes=\"(max-width: 1024px) 100vw, 1024px\" \/><\/div>\n\t\t<\/a>\n\t\t\t\t<div class=\"elementor-post__text\">\n\t\t\t\t<h3 class=\"elementor-post__title\">\n\t\t\t<a href=\"https:\/\/www.yoonpak.com\/es\/guia-de-negocios-de-comida-rapida\/\" >\n\t\t\t\tC\u00f3mo montar un negocio rentable de comida r\u00e1pida: Presupuestos, distribuci\u00f3n y trampas en los costes\t\t\t<\/a>\n\t\t<\/h3>\n\t\t\t\t<div class=\"elementor-post__meta-data\">\n\t\t\t\t\t<span class=\"elementor-post-date\">\n\t\t\t23 de abril de 2026\t\t<\/span>\n\t\t\t\t<span class=\"elementor-post-avatar\">\n\t\t\tNo hay comentarios\t\t<\/span>\n\t\t\t\t<\/div>\n\t\t\t\t<div class=\"elementor-post__excerpt\">\n\t\t\t<p>C\u00f3mo montar un negocio rentable de comida r\u00e1pida: Presupuestos, distribuci\u00f3n y trampas en los costes Bienvenido a la industria de la comida r\u00e1pida: un campo de batalla altamente lucrativo donde la pasi\u00f3n es com\u00fan,<\/p>\n\t\t<\/div>\n\t\t\n\t\t<a class=\"elementor-post__read-more\" href=\"https:\/\/www.yoonpak.com\/es\/guia-de-negocios-de-comida-rapida\/\" aria-label=\"Leer m\u00e1s sobre C\u00f3mo montar un negocio rentable de comida r\u00e1pida: Presupuestos, distribuci\u00f3n y trampas en los costes\" tabindex=\"-1\" >\n\t\t\tLeer M\u00e1s \"\t\t<\/a>\n\n\t\t\t\t<\/div>\n\t\t\t\t<\/article>\n\t\t\t\t<article class=\"elementor-post elementor-grid-item post-85076 post type-post status-publish format-standard has-post-thumbnail hentry category-mml-blog\">\n\t\t\t\t<a class=\"elementor-post__thumbnail__link\" href=\"https:\/\/www.yoonpak.com\/es\/como-montar-un-restaurante-de-comida-rapida\/\" tabindex=\"-1\" >\n\t\t\t<div class=\"elementor-post__thumbnail\"><img decoding=\"async\" width=\"1024\" height=\"768\" src=\"https:\/\/www.yoonpak.com\/wp-content\/uploads\/2026\/04\/how-to-start-a-fast-food-restaurant.webp\" class=\"attachment-medium size-medium wp-image-85070\" alt=\"c\u00f3mo montar un restaurante de comida r\u00e1pida\" srcset=\"https:\/\/www.yoonpak.com\/wp-content\/uploads\/2026\/04\/how-to-start-a-fast-food-restaurant.webp 1024w, https:\/\/www.yoonpak.com\/wp-content\/uploads\/2026\/04\/how-to-start-a-fast-food-restaurant-768x576.webp 768w, https:\/\/www.yoonpak.com\/wp-content\/uploads\/2026\/04\/how-to-start-a-fast-food-restaurant-16x12.webp 16w, https:\/\/www.yoonpak.com\/wp-content\/uploads\/2026\/04\/how-to-start-a-fast-food-restaurant-195x146.webp 195w, https:\/\/www.yoonpak.com\/wp-content\/uploads\/2026\/04\/how-to-start-a-fast-food-restaurant-50x38.webp 50w, https:\/\/www.yoonpak.com\/wp-content\/uploads\/2026\/04\/how-to-start-a-fast-food-restaurant-100x75.webp 100w, https:\/\/www.yoonpak.com\/wp-content\/uploads\/2026\/04\/how-to-start-a-fast-food-restaurant-960x720.webp 960w\" sizes=\"(max-width: 1024px) 100vw, 1024px\" \/><\/div>\n\t\t<\/a>\n\t\t\t\t<div class=\"elementor-post__text\">\n\t\t\t\t<h3 class=\"elementor-post__title\">\n\t\t\t<a href=\"https:\/\/www.yoonpak.com\/es\/como-montar-un-restaurante-de-comida-rapida\/\" >\n\t\t\t\tC\u00f3mo abrir un restaurante de comida r\u00e1pida: Costes reales, ideas y pasos\t\t\t<\/a>\n\t\t<\/h3>\n\t\t\t\t<div class=\"elementor-post__meta-data\">\n\t\t\t\t\t<span class=\"elementor-post-date\">\n\t\t\t22 de abril de 2026\t\t<\/span>\n\t\t\t\t<span class=\"elementor-post-avatar\">\n\t\t\tNo hay comentarios\t\t<\/span>\n\t\t\t\t<\/div>\n\t\t\t\t<div class=\"elementor-post__excerpt\">\n\t\t\t<p>C\u00f3mo abrir un restaurante de comida r\u00e1pida: Costes reales, ideas y pasos Poner en marcha un restaurante de comida r\u00e1pida suele estar profundamente idealizado. Muchos aspirantes a empresarios<\/p>\n\t\t<\/div>\n\t\t\n\t\t<a class=\"elementor-post__read-more\" href=\"https:\/\/www.yoonpak.com\/es\/como-montar-un-restaurante-de-comida-rapida\/\" aria-label=\"Leer m\u00e1s sobre C\u00f3mo montar un restaurante de comida r\u00e1pida: Costes, ideas y pasos reales\" tabindex=\"-1\" >\n\t\t\tLeer M\u00e1s \"\t\t<\/a>\n\n\t\t\t\t<\/div>\n\t\t\t\t<\/article>\n\t\t\t\t<article class=\"elementor-post elementor-grid-item post-85059 post type-post status-publish format-standard has-post-thumbnail hentry category-mml-blog\">\n\t\t\t\t<a class=\"elementor-post__thumbnail__link\" href=\"https:\/\/www.yoonpak.com\/es\/ideas-de-marketing-para-restaurantes\/\" tabindex=\"-1\" >\n\t\t\t<div class=\"elementor-post__thumbnail\"><img loading=\"lazy\" decoding=\"async\" width=\"1024\" height=\"768\" src=\"https:\/\/www.yoonpak.com\/wp-content\/uploads\/2026\/04\/restaurant-marketing-ideas.webp\" class=\"attachment-medium size-medium wp-image-85053\" alt=\"ideas de marketing para restaurantes\" srcset=\"https:\/\/www.yoonpak.com\/wp-content\/uploads\/2026\/04\/restaurant-marketing-ideas.webp 1024w, https:\/\/www.yoonpak.com\/wp-content\/uploads\/2026\/04\/restaurant-marketing-ideas-768x576.webp 768w, https:\/\/www.yoonpak.com\/wp-content\/uploads\/2026\/04\/restaurant-marketing-ideas-16x12.webp 16w, https:\/\/www.yoonpak.com\/wp-content\/uploads\/2026\/04\/restaurant-marketing-ideas-195x146.webp 195w, https:\/\/www.yoonpak.com\/wp-content\/uploads\/2026\/04\/restaurant-marketing-ideas-50x38.webp 50w, https:\/\/www.yoonpak.com\/wp-content\/uploads\/2026\/04\/restaurant-marketing-ideas-100x75.webp 100w, https:\/\/www.yoonpak.com\/wp-content\/uploads\/2026\/04\/restaurant-marketing-ideas-960x720.webp 960w\" sizes=\"(max-width: 1024px) 100vw, 1024px\" \/><\/div>\n\t\t<\/a>\n\t\t\t\t<div class=\"elementor-post__text\">\n\t\t\t\t<h3 class=\"elementor-post__title\">\n\t\t\t<a href=\"https:\/\/www.yoonpak.com\/es\/ideas-de-marketing-para-restaurantes\/\" >\n\t\t\t\tNo m\u00e1s descuentos: Ideas de marketing para restaurantes que realmente generan ingresos\t\t\t<\/a>\n\t\t<\/h3>\n\t\t\t\t<div class=\"elementor-post__meta-data\">\n\t\t\t\t\t<span class=\"elementor-post-date\">\n\t\t\t22 de abril de 2026\t\t<\/span>\n\t\t\t\t<span class=\"elementor-post-avatar\">\n\t\t\tNo hay comentarios\t\t<\/span>\n\t\t\t\t<\/div>\n\t\t\t\t<div class=\"elementor-post__excerpt\">\n\t\t\t<p>No m\u00e1s descuentos: Ideas de marketing para restaurantes que realmente generan ingresos Si est\u00e1 leyendo esto, es probable que est\u00e9 agotado por el interminable ciclo de descuentos promocionales. Usted<\/p>\n\t\t<\/div>\n\t\t\n\t\t<a class=\"elementor-post__read-more\" href=\"https:\/\/www.yoonpak.com\/es\/ideas-de-marketing-para-restaurantes\/\" aria-label=\"Leer m\u00e1s sobre Basta de descuentos: Ideas de marketing para restaurantes que realmente generan ingresos\" tabindex=\"-1\" >\n\t\t\tLeer M\u00e1s \"\t\t<\/a>\n\n\t\t\t\t<\/div>\n\t\t\t\t<\/article>\n\t\t\t\t<article class=\"elementor-post elementor-grid-item post-85036 post type-post status-publish format-standard has-post-thumbnail hentry category-mml-blog\">\n\t\t\t\t<a class=\"elementor-post__thumbnail__link\" href=\"https:\/\/www.yoonpak.com\/es\/que-es-un-restaurante-pop-up\/\" tabindex=\"-1\" >\n\t\t\t<div class=\"elementor-post__thumbnail\"><img loading=\"lazy\" decoding=\"async\" width=\"1024\" height=\"768\" src=\"https:\/\/www.yoonpak.com\/wp-content\/uploads\/2026\/04\/what-is-a-pop-up-restaurant.webp\" class=\"attachment-medium size-medium wp-image-85039\" alt=\"qu\u00e9 es un restaurante pop up\" srcset=\"https:\/\/www.yoonpak.com\/wp-content\/uploads\/2026\/04\/what-is-a-pop-up-restaurant.webp 1024w, https:\/\/www.yoonpak.com\/wp-content\/uploads\/2026\/04\/what-is-a-pop-up-restaurant-768x576.webp 768w, https:\/\/www.yoonpak.com\/wp-content\/uploads\/2026\/04\/what-is-a-pop-up-restaurant-16x12.webp 16w, https:\/\/www.yoonpak.com\/wp-content\/uploads\/2026\/04\/what-is-a-pop-up-restaurant-195x146.webp 195w, https:\/\/www.yoonpak.com\/wp-content\/uploads\/2026\/04\/what-is-a-pop-up-restaurant-50x38.webp 50w, https:\/\/www.yoonpak.com\/wp-content\/uploads\/2026\/04\/what-is-a-pop-up-restaurant-100x75.webp 100w, https:\/\/www.yoonpak.com\/wp-content\/uploads\/2026\/04\/what-is-a-pop-up-restaurant-960x720.webp 960w\" sizes=\"(max-width: 1024px) 100vw, 1024px\" \/><\/div>\n\t\t<\/a>\n\t\t\t\t<div class=\"elementor-post__text\">\n\t\t\t\t<h3 class=\"elementor-post__title\">\n\t\t\t<a href=\"https:\/\/www.yoonpak.com\/es\/que-es-un-restaurante-pop-up\/\" >\n\t\t\t\t\u00bfQu\u00e9 es un restaurante pop-up? La gu\u00eda definitiva sobre costes, permisos y retorno de la inversi\u00f3n\t\t\t<\/a>\n\t\t<\/h3>\n\t\t\t\t<div class=\"elementor-post__meta-data\">\n\t\t\t\t\t<span class=\"elementor-post-date\">\n\t\t\t22 de abril de 2026\t\t<\/span>\n\t\t\t\t<span class=\"elementor-post-avatar\">\n\t\t\tNo hay comentarios\t\t<\/span>\n\t\t\t\t<\/div>\n\t\t\t\t<div class=\"elementor-post__excerpt\">\n\t\t\t<p>\u00bfQu\u00e9 es un restaurante pop-up? La gu\u00eda definitiva sobre costes, permisos y rentabilidad El sector de la restauraci\u00f3n tradicional est\u00e1 experimentando un cambio radical. Durante d\u00e9cadas, la barrera<\/p>\n\t\t<\/div>\n\t\t\n\t\t<a class=\"elementor-post__read-more\" href=\"https:\/\/www.yoonpak.com\/es\/que-es-un-restaurante-pop-up\/\" aria-label=\"Leer m\u00e1s sobre \u00bfQu\u00e9 es un restaurante pop-up? La gu\u00eda definitiva sobre costes, permisos y retorno de la inversi\u00f3n\" tabindex=\"-1\" >\n\t\t\tLeer M\u00e1s \"\t\t<\/a>\n\n\t\t\t\t<\/div>\n\t\t\t\t<\/article>\n\t\t\t\t<article class=\"elementor-post elementor-grid-item post-85029 post type-post status-publish format-standard has-post-thumbnail hentry category-mml-blog\">\n\t\t\t\t<a class=\"elementor-post__thumbnail__link\" href=\"https:\/\/www.yoonpak.com\/es\/cafeterias-rentables\/\" tabindex=\"-1\" >\n\t\t\t<div class=\"elementor-post__thumbnail\"><img loading=\"lazy\" decoding=\"async\" width=\"1024\" height=\"768\" src=\"https:\/\/www.yoonpak.com\/wp-content\/uploads\/2026\/04\/are-coffee-shops-profitable.webp\" class=\"attachment-medium size-medium wp-image-85025\" alt=\"\u00bfson rentables las cafeter\u00edas?\" srcset=\"https:\/\/www.yoonpak.com\/wp-content\/uploads\/2026\/04\/are-coffee-shops-profitable.webp 1024w, https:\/\/www.yoonpak.com\/wp-content\/uploads\/2026\/04\/are-coffee-shops-profitable-768x576.webp 768w, https:\/\/www.yoonpak.com\/wp-content\/uploads\/2026\/04\/are-coffee-shops-profitable-16x12.webp 16w, https:\/\/www.yoonpak.com\/wp-content\/uploads\/2026\/04\/are-coffee-shops-profitable-195x146.webp 195w, https:\/\/www.yoonpak.com\/wp-content\/uploads\/2026\/04\/are-coffee-shops-profitable-50x38.webp 50w, https:\/\/www.yoonpak.com\/wp-content\/uploads\/2026\/04\/are-coffee-shops-profitable-100x75.webp 100w, https:\/\/www.yoonpak.com\/wp-content\/uploads\/2026\/04\/are-coffee-shops-profitable-960x720.webp 960w\" sizes=\"(max-width: 1024px) 100vw, 1024px\" \/><\/div>\n\t\t<\/a>\n\t\t\t\t<div class=\"elementor-post__text\">\n\t\t\t\t<h3 class=\"elementor-post__title\">\n\t\t\t<a href=\"https:\/\/www.yoonpak.com\/es\/cafeterias-rentables\/\" >\n\t\t\t\t\u00bfSon rentables las cafeter\u00edas? La cruda realidad sobre los m\u00e1rgenes de las cafeter\u00edas\t\t\t<\/a>\n\t\t<\/h3>\n\t\t\t\t<div class=\"elementor-post__meta-data\">\n\t\t\t\t\t<span class=\"elementor-post-date\">\n\t\t\t22 de abril de 2026\t\t<\/span>\n\t\t\t\t<span class=\"elementor-post-avatar\">\n\t\t\tNo hay comentarios\t\t<\/span>\n\t\t\t\t<\/div>\n\t\t\t\t<div class=\"elementor-post__excerpt\">\n\t\t\t<p>\u00bfSon rentables las cafeter\u00edas? La cruda realidad sobre los m\u00e1rgenes de las cafeter\u00edas El sue\u00f1o de abrir una cafeter\u00eda es embriagador. Est\u00e1 alimentado por la rom\u00e1ntica<\/p>\n\t\t<\/div>\n\t\t\n\t\t<a class=\"elementor-post__read-more\" href=\"https:\/\/www.yoonpak.com\/es\/cafeterias-rentables\/\" aria-label=\"Leer m\u00e1s sobre \u00bfSon rentables las cafeter\u00edas? La cruda realidad sobre los m\u00e1rgenes de las cafeter\u00edas\" tabindex=\"-1\" >\n\t\t\tLeer M\u00e1s \"\t\t<\/a>\n\n\t\t\t\t<\/div>\n\t\t\t\t<\/article>\n\t\t\t\t<\/div>\n\t\t\n\t\t\t\t<div class=\"e-load-more-anchor\" data-page=\"1\" data-max-page=\"32\" data-next-page=\"https:\/\/www.yoonpak.com\/es\/wp-json\/wp\/v2\/pages\/6008\/page\/2\/\"><\/div>\n\t\t\t\t<nav class=\"elementor-pagination\" aria-label=\"Paginaci\u00f3n\">\n\t\t\t<span class=\"page-numbers prev\"><\/span>\n<span aria-current=\"page\" class=\"page-numbers current\"><span class=\"elementor-screen-only\">P\u00e1gina<\/span>1<\/span>\n<a class=\"page-numbers\" href=\"https:\/\/www.yoonpak.com\/es\/wp-json\/wp\/v2\/pages\/6008\/page\/2\/\"><span class=\"elementor-screen-only\">P\u00e1gina<\/span>2<\/a>\n<a class=\"page-numbers\" href=\"https:\/\/www.yoonpak.com\/es\/wp-json\/wp\/v2\/pages\/6008\/page\/3\/\"><span class=\"elementor-screen-only\">P\u00e1gina<\/span>3<\/a>\n<span class=\"page-numbers dots\">...<\/span>\n<a class=\"page-numbers\" href=\"https:\/\/www.yoonpak.com\/es\/wp-json\/wp\/v2\/pages\/6008\/page\/32\/\"><span class=\"elementor-screen-only\">P\u00e1gina<\/span>32<\/a>\n<a class=\"page-numbers next\" href=\"https:\/\/www.yoonpak.com\/es\/wp-json\/wp\/v2\/pages\/6008\/page\/2\/\">Siguiente \"<\/a>\t\t<\/nav>\n\t\t\t\t\t\t<\/div>\n\t\t\t\t<\/div>\n\t\t\t\t\t<\/div>\n\t\t<\/div>\n\t\t\t\t\t<\/div>\n\t\t<\/section>\n\t\t\t\t<\/div>","protected":false},"excerpt":{"rendered":"<p>Blogs y opiniones<\/p>","protected":false},"author":1,"featured_media":0,"parent":0,"menu_order":0,"comment_status":"closed","ping_status":"closed","template":"","meta":{"_seopress_robots_primary_cat":"0","_seopress_titles_title":"","_seopress_titles_desc":"","_seopress_robots_index":"","footnotes":""},"class_list":["post-6008","page","type-page","status-publish","hentry"],"acf":[],"_links":{"self":[{"href":"https:\/\/www.yoonpak.com\/es\/wp-json\/wp\/v2\/pages\/6008","targetHints":{"allow":["GET"]}}],"collection":[{"href":"https:\/\/www.yoonpak.com\/es\/wp-json\/wp\/v2\/pages"}],"about":[{"href":"https:\/\/www.yoonpak.com\/es\/wp-json\/wp\/v2\/types\/page"}],"author":[{"embeddable":true,"href":"https:\/\/www.yoonpak.com\/es\/wp-json\/wp\/v2\/users\/1"}],"replies":[{"embeddable":true,"href":"https:\/\/www.yoonpak.com\/es\/wp-json\/wp\/v2\/comments?post=6008"}],"version-history":[{"count":27,"href":"https:\/\/www.yoonpak.com\/es\/wp-json\/wp\/v2\/pages\/6008\/revisions"}],"predecessor-version":[{"id":24584,"href":"https:\/\/www.yoonpak.com\/es\/wp-json\/wp\/v2\/pages\/6008\/revisions\/24584"}],"wp:attachment":[{"href":"https:\/\/www.yoonpak.com\/es\/wp-json\/wp\/v2\/media?parent=6008"}],"curies":[{"name":"wp","href":"https:\/\/api.w.org\/{rel}","templated":true}]}}