{"id":6008,"date":"2021-12-23T02:35:22","date_gmt":"2021-12-23T02:35:22","guid":{"rendered":"https:\/\/www.yoonpak.com\/?page_id=6008"},"modified":"2023-11-03T02:15:12","modified_gmt":"2023-11-03T02:15:12","slug":"blog","status":"publish","type":"page","link":"https:\/\/www.yoonpak.com\/fr\/blog\/","title":{"rendered":"Blog"},"content":{"rendered":"<div data-elementor-type=\"wp-page\" data-elementor-id=\"6008\" class=\"elementor elementor-6008\" data-elementor-post-type=\"page\">\n\t\t\t\t\t\t<section class=\"elementor-section elementor-top-section elementor-element elementor-element-13cbf59 elementor-section-boxed elementor-section-height-default elementor-section-height-default\" data-id=\"13cbf59\" data-element_type=\"section\">\n\t\t\t\t\t\t<div class=\"elementor-container elementor-column-gap-default\">\n\t\t\t\t\t<div class=\"elementor-column elementor-col-100 elementor-top-column elementor-element elementor-element-8aacf57\" data-id=\"8aacf57\" data-element_type=\"column\">\n\t\t\t<div class=\"elementor-widget-wrap elementor-element-populated\">\n\t\t\t\t\t\t<div class=\"elementor-element elementor-element-f26990d elementor-widget elementor-widget-heading\" data-id=\"f26990d\" data-element_type=\"widget\" data-widget_type=\"heading.default\">\n\t\t\t\t<div class=\"elementor-widget-container\">\n\t\t\t\t\t<h2 class=\"elementor-heading-title elementor-size-default\">Blogs et r\u00e9flexions<\/h2>\t\t\t\t<\/div>\n\t\t\t\t<\/div>\n\t\t\t\t\t<\/div>\n\t\t<\/div>\n\t\t\t\t\t<\/div>\n\t\t<\/section>\n\t\t\t\t<section class=\"elementor-section elementor-top-section elementor-element elementor-element-90e3441 elementor-section-boxed elementor-section-height-default elementor-section-height-default\" data-id=\"90e3441\" data-element_type=\"section\">\n\t\t\t\t\t\t<div class=\"elementor-container elementor-column-gap-default\">\n\t\t\t\t\t<div class=\"elementor-column elementor-col-100 elementor-top-column elementor-element elementor-element-1b0ae64\" data-id=\"1b0ae64\" data-element_type=\"column\">\n\t\t\t<div class=\"elementor-widget-wrap elementor-element-populated\">\n\t\t\t\t\t\t<div class=\"elementor-element elementor-element-b522747 elementor-grid-3 elementor-grid-tablet-2 elementor-grid-mobile-1 elementor-posts--thumbnail-top elementor-widget elementor-widget-posts\" data-id=\"b522747\" data-element_type=\"widget\" data-settings=\"{&quot;pagination_type&quot;:&quot;numbers_and_prev_next&quot;,&quot;classic_columns&quot;:&quot;3&quot;,&quot;classic_columns_tablet&quot;:&quot;2&quot;,&quot;classic_columns_mobile&quot;:&quot;1&quot;,&quot;classic_row_gap&quot;:{&quot;unit&quot;:&quot;px&quot;,&quot;size&quot;:35,&quot;sizes&quot;:[]},&quot;classic_row_gap_tablet&quot;:{&quot;unit&quot;:&quot;px&quot;,&quot;size&quot;:&quot;&quot;,&quot;sizes&quot;:[]},&quot;classic_row_gap_mobile&quot;:{&quot;unit&quot;:&quot;px&quot;,&quot;size&quot;:&quot;&quot;,&quot;sizes&quot;:[]}}\" data-widget_type=\"posts.classic\">\n\t\t\t\t<div class=\"elementor-widget-container\">\n\t\t\t\t\t\t\t<div class=\"elementor-posts-container elementor-posts elementor-posts--skin-classic elementor-grid\">\n\t\t\t\t<article class=\"elementor-post elementor-grid-item post-85142 post type-post status-publish format-standard has-post-thumbnail hentry category-mml-blog\">\n\t\t\t\t<a class=\"elementor-post__thumbnail__link\" href=\"https:\/\/www.yoonpak.com\/fr\/liste-des-franchises-de-restauration-rapide\/\" tabindex=\"-1\" >\n\t\t\t<div class=\"elementor-post__thumbnail\"><img fetchpriority=\"high\" decoding=\"async\" width=\"1024\" height=\"768\" src=\"https:\/\/www.yoonpak.com\/wp-content\/uploads\/2026\/04\/fast-food-franchises-list.webp\" class=\"attachment-medium size-medium wp-image-85138\" alt=\"liste des franchises de restauration rapide\" srcset=\"https:\/\/www.yoonpak.com\/wp-content\/uploads\/2026\/04\/fast-food-franchises-list.webp 1024w, https:\/\/www.yoonpak.com\/wp-content\/uploads\/2026\/04\/fast-food-franchises-list-768x576.webp 768w, https:\/\/www.yoonpak.com\/wp-content\/uploads\/2026\/04\/fast-food-franchises-list-16x12.webp 16w, https:\/\/www.yoonpak.com\/wp-content\/uploads\/2026\/04\/fast-food-franchises-list-195x146.webp 195w, https:\/\/www.yoonpak.com\/wp-content\/uploads\/2026\/04\/fast-food-franchises-list-50x38.webp 50w, https:\/\/www.yoonpak.com\/wp-content\/uploads\/2026\/04\/fast-food-franchises-list-100x75.webp 100w, https:\/\/www.yoonpak.com\/wp-content\/uploads\/2026\/04\/fast-food-franchises-list-960x720.webp 960w\" sizes=\"(max-width: 1024px) 100vw, 1024px\" \/><\/div>\n\t\t<\/a>\n\t\t\t\t<div class=\"elementor-post__text\">\n\t\t\t\t<h3 class=\"elementor-post__title\">\n\t\t\t<a href=\"https:\/\/www.yoonpak.com\/fr\/liste-des-franchises-de-restauration-rapide\/\" >\n\t\t\t\tListe des franchises de restauration rapide : Comment trouver une franchise de restauration rapide \u00e0 faible co\u00fbt et \u00e0 fort retour sur investissement ?\t\t\t<\/a>\n\t\t<\/h3>\n\t\t\t\t<div class=\"elementor-post__meta-data\">\n\t\t\t\t\t<span class=\"elementor-post-date\">\n\t\t\t23 avril 2026\t\t<\/span>\n\t\t\t\t<span class=\"elementor-post-avatar\">\n\t\t\tAucun commentaire\t\t<\/span>\n\t\t\t\t<\/div>\n\t\t\t\t<div class=\"elementor-post__excerpt\">\n\t\t\t<p>Liste des franchises de restauration rapide : Comment trouver une franchise de restauration rapide \u00e0 haut retour sur investissement et \u00e0 faible co\u00fbt ? L'entr\u00e9e dans l'industrie de la restauration rapide (QSR) est largement consid\u00e9r\u00e9e comme l'une des plus importantes...<\/p>\n\t\t<\/div>\n\t\t\n\t\t<a class=\"elementor-post__read-more\" href=\"https:\/\/www.yoonpak.com\/fr\/liste-des-franchises-de-restauration-rapide\/\" aria-label=\"Plus d&#039;informations sur la liste des franchises de restauration rapide : Comment trouver une franchise de restauration rapide \u00e0 faible co\u00fbt et \u00e0 fort retour sur investissement ?\" tabindex=\"-1\" >\n\t\t\tLire plus \"\t\t<\/a>\n\n\t\t\t\t<\/div>\n\t\t\t\t<\/article>\n\t\t\t\t<article class=\"elementor-post elementor-grid-item post-85130 post type-post status-publish format-standard has-post-thumbnail hentry category-mml-blog\">\n\t\t\t\t<a class=\"elementor-post__thumbnail__link\" href=\"https:\/\/www.yoonpak.com\/fr\/guide-des-entreprises-de-restauration-rapide\/\" tabindex=\"-1\" >\n\t\t\t<div class=\"elementor-post__thumbnail\"><img decoding=\"async\" width=\"1024\" height=\"768\" src=\"https:\/\/www.yoonpak.com\/wp-content\/uploads\/2026\/04\/fast-food-business.webp\" class=\"attachment-medium size-medium wp-image-85125\" alt=\"restauration rapide\" srcset=\"https:\/\/www.yoonpak.com\/wp-content\/uploads\/2026\/04\/fast-food-business.webp 1024w, https:\/\/www.yoonpak.com\/wp-content\/uploads\/2026\/04\/fast-food-business-768x576.webp 768w, https:\/\/www.yoonpak.com\/wp-content\/uploads\/2026\/04\/fast-food-business-16x12.webp 16w, https:\/\/www.yoonpak.com\/wp-content\/uploads\/2026\/04\/fast-food-business-195x146.webp 195w, https:\/\/www.yoonpak.com\/wp-content\/uploads\/2026\/04\/fast-food-business-50x38.webp 50w, https:\/\/www.yoonpak.com\/wp-content\/uploads\/2026\/04\/fast-food-business-100x75.webp 100w, https:\/\/www.yoonpak.com\/wp-content\/uploads\/2026\/04\/fast-food-business-960x720.webp 960w\" sizes=\"(max-width: 1024px) 100vw, 1024px\" \/><\/div>\n\t\t<\/a>\n\t\t\t\t<div class=\"elementor-post__text\">\n\t\t\t\t<h3 class=\"elementor-post__title\">\n\t\t\t<a href=\"https:\/\/www.yoonpak.com\/fr\/guide-des-entreprises-de-restauration-rapide\/\" >\n\t\t\t\tComment cr\u00e9er une entreprise de restauration rapide rentable : Budgets, agencements et pi\u00e8ges financiers\t\t\t<\/a>\n\t\t<\/h3>\n\t\t\t\t<div class=\"elementor-post__meta-data\">\n\t\t\t\t\t<span class=\"elementor-post-date\">\n\t\t\t23 avril 2026\t\t<\/span>\n\t\t\t\t<span class=\"elementor-post-avatar\">\n\t\t\tAucun commentaire\t\t<\/span>\n\t\t\t\t<\/div>\n\t\t\t\t<div class=\"elementor-post__excerpt\">\n\t\t\t<p>Comment cr\u00e9er une entreprise de restauration rapide rentable : Budgets, agencements et pi\u00e8ges financiers Bienvenue dans le secteur de la restauration rapide, un champ de bataille tr\u00e8s lucratif o\u00f9 la passion est monnaie courante,<\/p>\n\t\t<\/div>\n\t\t\n\t\t<a class=\"elementor-post__read-more\" href=\"https:\/\/www.yoonpak.com\/fr\/guide-des-entreprises-de-restauration-rapide\/\" aria-label=\"En savoir plus sur la cr\u00e9ation d&#039;une entreprise de restauration rapide rentable : Budgets, agencements et pi\u00e8ges financiers\" tabindex=\"-1\" >\n\t\t\tLire plus \"\t\t<\/a>\n\n\t\t\t\t<\/div>\n\t\t\t\t<\/article>\n\t\t\t\t<article class=\"elementor-post elementor-grid-item post-85076 post type-post status-publish format-standard has-post-thumbnail hentry category-mml-blog\">\n\t\t\t\t<a class=\"elementor-post__thumbnail__link\" href=\"https:\/\/www.yoonpak.com\/fr\/comment-ouvrir-un-restaurant-de-restauration-rapide\/\" tabindex=\"-1\" >\n\t\t\t<div class=\"elementor-post__thumbnail\"><img decoding=\"async\" width=\"1024\" height=\"768\" src=\"https:\/\/www.yoonpak.com\/wp-content\/uploads\/2026\/04\/how-to-start-a-fast-food-restaurant.webp\" class=\"attachment-medium size-medium wp-image-85070\" alt=\"comment ouvrir un restaurant rapide\" srcset=\"https:\/\/www.yoonpak.com\/wp-content\/uploads\/2026\/04\/how-to-start-a-fast-food-restaurant.webp 1024w, https:\/\/www.yoonpak.com\/wp-content\/uploads\/2026\/04\/how-to-start-a-fast-food-restaurant-768x576.webp 768w, https:\/\/www.yoonpak.com\/wp-content\/uploads\/2026\/04\/how-to-start-a-fast-food-restaurant-16x12.webp 16w, https:\/\/www.yoonpak.com\/wp-content\/uploads\/2026\/04\/how-to-start-a-fast-food-restaurant-195x146.webp 195w, https:\/\/www.yoonpak.com\/wp-content\/uploads\/2026\/04\/how-to-start-a-fast-food-restaurant-50x38.webp 50w, https:\/\/www.yoonpak.com\/wp-content\/uploads\/2026\/04\/how-to-start-a-fast-food-restaurant-100x75.webp 100w, https:\/\/www.yoonpak.com\/wp-content\/uploads\/2026\/04\/how-to-start-a-fast-food-restaurant-960x720.webp 960w\" sizes=\"(max-width: 1024px) 100vw, 1024px\" \/><\/div>\n\t\t<\/a>\n\t\t\t\t<div class=\"elementor-post__text\">\n\t\t\t\t<h3 class=\"elementor-post__title\">\n\t\t\t<a href=\"https:\/\/www.yoonpak.com\/fr\/comment-ouvrir-un-restaurant-de-restauration-rapide\/\" >\n\t\t\t\tComment ouvrir un restaurant de restauration rapide : Co\u00fbts r\u00e9els, id\u00e9es et \u00e9tapes\t\t\t<\/a>\n\t\t<\/h3>\n\t\t\t\t<div class=\"elementor-post__meta-data\">\n\t\t\t\t\t<span class=\"elementor-post-date\">\n\t\t\t22 avril 2026\t\t<\/span>\n\t\t\t\t<span class=\"elementor-post-avatar\">\n\t\t\tAucun commentaire\t\t<\/span>\n\t\t\t\t<\/div>\n\t\t\t\t<div class=\"elementor-post__excerpt\">\n\t\t\t<p>Comment ouvrir un restaurant rapide : Co\u00fbts r\u00e9els, id\u00e9es et \u00e9tapes Le lancement d'un restaurant de fast-food est souvent tr\u00e8s romantique. De nombreux entrepreneurs en herbe se trouvent dans leur<\/p>\n\t\t<\/div>\n\t\t\n\t\t<a class=\"elementor-post__read-more\" href=\"https:\/\/www.yoonpak.com\/fr\/comment-ouvrir-un-restaurant-de-restauration-rapide\/\" aria-label=\"En savoir plus sur la cr\u00e9ation d&#039;un restaurant de restauration rapide : Co\u00fbts r\u00e9els, id\u00e9es et \u00e9tapes\" tabindex=\"-1\" >\n\t\t\tLire plus \"\t\t<\/a>\n\n\t\t\t\t<\/div>\n\t\t\t\t<\/article>\n\t\t\t\t<article class=\"elementor-post elementor-grid-item post-85059 post type-post status-publish format-standard has-post-thumbnail hentry category-mml-blog\">\n\t\t\t\t<a class=\"elementor-post__thumbnail__link\" href=\"https:\/\/www.yoonpak.com\/fr\/idees-de-marketing-pour-les-restaurants\/\" tabindex=\"-1\" >\n\t\t\t<div class=\"elementor-post__thumbnail\"><img loading=\"lazy\" decoding=\"async\" width=\"1024\" height=\"768\" src=\"https:\/\/www.yoonpak.com\/wp-content\/uploads\/2026\/04\/restaurant-marketing-ideas.webp\" class=\"attachment-medium size-medium wp-image-85053\" alt=\"id\u00e9es de marketing pour les restaurants\" srcset=\"https:\/\/www.yoonpak.com\/wp-content\/uploads\/2026\/04\/restaurant-marketing-ideas.webp 1024w, https:\/\/www.yoonpak.com\/wp-content\/uploads\/2026\/04\/restaurant-marketing-ideas-768x576.webp 768w, https:\/\/www.yoonpak.com\/wp-content\/uploads\/2026\/04\/restaurant-marketing-ideas-16x12.webp 16w, https:\/\/www.yoonpak.com\/wp-content\/uploads\/2026\/04\/restaurant-marketing-ideas-195x146.webp 195w, https:\/\/www.yoonpak.com\/wp-content\/uploads\/2026\/04\/restaurant-marketing-ideas-50x38.webp 50w, https:\/\/www.yoonpak.com\/wp-content\/uploads\/2026\/04\/restaurant-marketing-ideas-100x75.webp 100w, https:\/\/www.yoonpak.com\/wp-content\/uploads\/2026\/04\/restaurant-marketing-ideas-960x720.webp 960w\" sizes=\"(max-width: 1024px) 100vw, 1024px\" \/><\/div>\n\t\t<\/a>\n\t\t\t\t<div class=\"elementor-post__text\">\n\t\t\t\t<h3 class=\"elementor-post__title\">\n\t\t\t<a href=\"https:\/\/www.yoonpak.com\/fr\/idees-de-marketing-pour-les-restaurants\/\" >\n\t\t\t\tArr\u00eatez de faire des remises : Id\u00e9es de marketing pour les restaurants qui g\u00e9n\u00e8rent r\u00e9ellement des revenus\t\t\t<\/a>\n\t\t<\/h3>\n\t\t\t\t<div class=\"elementor-post__meta-data\">\n\t\t\t\t\t<span class=\"elementor-post-date\">\n\t\t\t22 avril 2026\t\t<\/span>\n\t\t\t\t<span class=\"elementor-post-avatar\">\n\t\t\tAucun commentaire\t\t<\/span>\n\t\t\t\t<\/div>\n\t\t\t\t<div class=\"elementor-post__excerpt\">\n\t\t\t<p>Arr\u00eatez les remises : Des id\u00e9es marketing pour les restaurants qui g\u00e9n\u00e8rent r\u00e9ellement des revenus Si vous lisez ces lignes, c'est que vous \u00eates probablement \u00e9puis\u00e9 par le cycle sans fin des remises promotionnelles. Vous<\/p>\n\t\t<\/div>\n\t\t\n\t\t<a class=\"elementor-post__read-more\" href=\"https:\/\/www.yoonpak.com\/fr\/idees-de-marketing-pour-les-restaurants\/\" aria-label=\"Plus d&#039;informations sur Stop Discounting : Des id\u00e9es marketing pour les restaurants qui g\u00e9n\u00e8rent r\u00e9ellement des revenus\" tabindex=\"-1\" >\n\t\t\tLire plus \"\t\t<\/a>\n\n\t\t\t\t<\/div>\n\t\t\t\t<\/article>\n\t\t\t\t<article class=\"elementor-post elementor-grid-item post-85036 post type-post status-publish format-standard has-post-thumbnail hentry category-mml-blog\">\n\t\t\t\t<a class=\"elementor-post__thumbnail__link\" href=\"https:\/\/www.yoonpak.com\/fr\/quest-ce-quun-restaurant-pop-up\/\" tabindex=\"-1\" >\n\t\t\t<div class=\"elementor-post__thumbnail\"><img loading=\"lazy\" decoding=\"async\" width=\"1024\" height=\"768\" src=\"https:\/\/www.yoonpak.com\/wp-content\/uploads\/2026\/04\/what-is-a-pop-up-restaurant.webp\" class=\"attachment-medium size-medium wp-image-85039\" alt=\"Qu&#039;est-ce qu&#039;un restaurant pop up ?\" srcset=\"https:\/\/www.yoonpak.com\/wp-content\/uploads\/2026\/04\/what-is-a-pop-up-restaurant.webp 1024w, https:\/\/www.yoonpak.com\/wp-content\/uploads\/2026\/04\/what-is-a-pop-up-restaurant-768x576.webp 768w, https:\/\/www.yoonpak.com\/wp-content\/uploads\/2026\/04\/what-is-a-pop-up-restaurant-16x12.webp 16w, https:\/\/www.yoonpak.com\/wp-content\/uploads\/2026\/04\/what-is-a-pop-up-restaurant-195x146.webp 195w, https:\/\/www.yoonpak.com\/wp-content\/uploads\/2026\/04\/what-is-a-pop-up-restaurant-50x38.webp 50w, https:\/\/www.yoonpak.com\/wp-content\/uploads\/2026\/04\/what-is-a-pop-up-restaurant-100x75.webp 100w, https:\/\/www.yoonpak.com\/wp-content\/uploads\/2026\/04\/what-is-a-pop-up-restaurant-960x720.webp 960w\" sizes=\"(max-width: 1024px) 100vw, 1024px\" \/><\/div>\n\t\t<\/a>\n\t\t\t\t<div class=\"elementor-post__text\">\n\t\t\t\t<h3 class=\"elementor-post__title\">\n\t\t\t<a href=\"https:\/\/www.yoonpak.com\/fr\/quest-ce-quun-restaurant-pop-up\/\" >\n\t\t\t\tQu'est-ce qu'un restaurant pop-up ? Le guide ultime des co\u00fbts, des permis et du retour sur investissement\t\t\t<\/a>\n\t\t<\/h3>\n\t\t\t\t<div class=\"elementor-post__meta-data\">\n\t\t\t\t\t<span class=\"elementor-post-date\">\n\t\t\t22 avril 2026\t\t<\/span>\n\t\t\t\t<span class=\"elementor-post-avatar\">\n\t\t\tAucun commentaire\t\t<\/span>\n\t\t\t\t<\/div>\n\t\t\t\t<div class=\"elementor-post__excerpt\">\n\t\t\t<p>Qu'est-ce qu'un restaurant pop-up ? Le guide ultime des co\u00fbts, des permis et du retour sur investissement Le secteur de la restauration traditionnelle est en train de subir un changement sismique. Pendant des d\u00e9cennies, la barri\u00e8re<\/p>\n\t\t<\/div>\n\t\t\n\t\t<a class=\"elementor-post__read-more\" href=\"https:\/\/www.yoonpak.com\/fr\/quest-ce-quun-restaurant-pop-up\/\" aria-label=\"En savoir plus sur Qu&#039;est-ce qu&#039;un restaurant pop-up ? Le guide ultime des co\u00fbts, des permis et du retour sur investissement\" tabindex=\"-1\" >\n\t\t\tLire plus \"\t\t<\/a>\n\n\t\t\t\t<\/div>\n\t\t\t\t<\/article>\n\t\t\t\t<article class=\"elementor-post elementor-grid-item post-85029 post type-post status-publish format-standard has-post-thumbnail hentry category-mml-blog\">\n\t\t\t\t<a class=\"elementor-post__thumbnail__link\" href=\"https:\/\/www.yoonpak.com\/fr\/les-cafes-rentables\/\" tabindex=\"-1\" >\n\t\t\t<div class=\"elementor-post__thumbnail\"><img loading=\"lazy\" decoding=\"async\" width=\"1024\" height=\"768\" src=\"https:\/\/www.yoonpak.com\/wp-content\/uploads\/2026\/04\/are-coffee-shops-profitable.webp\" class=\"attachment-medium size-medium wp-image-85025\" alt=\"Les caf\u00e9s sont-ils rentables ?\" srcset=\"https:\/\/www.yoonpak.com\/wp-content\/uploads\/2026\/04\/are-coffee-shops-profitable.webp 1024w, https:\/\/www.yoonpak.com\/wp-content\/uploads\/2026\/04\/are-coffee-shops-profitable-768x576.webp 768w, https:\/\/www.yoonpak.com\/wp-content\/uploads\/2026\/04\/are-coffee-shops-profitable-16x12.webp 16w, https:\/\/www.yoonpak.com\/wp-content\/uploads\/2026\/04\/are-coffee-shops-profitable-195x146.webp 195w, https:\/\/www.yoonpak.com\/wp-content\/uploads\/2026\/04\/are-coffee-shops-profitable-50x38.webp 50w, https:\/\/www.yoonpak.com\/wp-content\/uploads\/2026\/04\/are-coffee-shops-profitable-100x75.webp 100w, https:\/\/www.yoonpak.com\/wp-content\/uploads\/2026\/04\/are-coffee-shops-profitable-960x720.webp 960w\" sizes=\"(max-width: 1024px) 100vw, 1024px\" \/><\/div>\n\t\t<\/a>\n\t\t\t\t<div class=\"elementor-post__text\">\n\t\t\t\t<h3 class=\"elementor-post__title\">\n\t\t\t<a href=\"https:\/\/www.yoonpak.com\/fr\/les-cafes-rentables\/\" >\n\t\t\t\tLes caf\u00e9s sont-ils rentables ? La v\u00e9rit\u00e9 sur les marges des caf\u00e9s\t\t\t<\/a>\n\t\t<\/h3>\n\t\t\t\t<div class=\"elementor-post__meta-data\">\n\t\t\t\t\t<span class=\"elementor-post-date\">\n\t\t\t22 avril 2026\t\t<\/span>\n\t\t\t\t<span class=\"elementor-post-avatar\">\n\t\t\tAucun commentaire\t\t<\/span>\n\t\t\t\t<\/div>\n\t\t\t\t<div class=\"elementor-post__excerpt\">\n\t\t\t<p>Les caf\u00e9s sont-ils rentables ? La v\u00e9rit\u00e9 sur les marges des caf\u00e9s Le r\u00eave d'ouvrir un caf\u00e9 est enivrant. Il est aliment\u00e9 par l'image romanesque du caf\u00e9.<\/p>\n\t\t<\/div>\n\t\t\n\t\t<a class=\"elementor-post__read-more\" href=\"https:\/\/www.yoonpak.com\/fr\/les-cafes-rentables\/\" aria-label=\"Plus d&#039;informations sur Les caf\u00e9s sont-ils rentables ? La v\u00e9rit\u00e9 sur les marges des caf\u00e9s\" tabindex=\"-1\" >\n\t\t\tLire plus \"\t\t<\/a>\n\n\t\t\t\t<\/div>\n\t\t\t\t<\/article>\n\t\t\t\t<\/div>\n\t\t\n\t\t\t\t<div class=\"e-load-more-anchor\" data-page=\"1\" data-max-page=\"32\" data-next-page=\"https:\/\/www.yoonpak.com\/fr\/wp-json\/wp\/v2\/pages\/6008\/page\/2\/\"><\/div>\n\t\t\t\t<nav class=\"elementor-pagination\" aria-label=\"Pagination\">\n\t\t\t<span class=\"page-numbers prev\"><\/span>\n<span aria-current=\"page\" class=\"page-numbers current\"><span class=\"elementor-screen-only\">Page<\/span>1<\/span>\n<a class=\"page-numbers\" href=\"https:\/\/www.yoonpak.com\/fr\/wp-json\/wp\/v2\/pages\/6008\/page\/2\/\"><span class=\"elementor-screen-only\">Page<\/span>2<\/a>\n<a class=\"page-numbers\" href=\"https:\/\/www.yoonpak.com\/fr\/wp-json\/wp\/v2\/pages\/6008\/page\/3\/\"><span class=\"elementor-screen-only\">Page<\/span>3<\/a>\n<span class=\"page-numbers dots\">...<\/span>\n<a class=\"page-numbers\" href=\"https:\/\/www.yoonpak.com\/fr\/wp-json\/wp\/v2\/pages\/6008\/page\/32\/\"><span class=\"elementor-screen-only\">Page<\/span>32<\/a>\n<a class=\"page-numbers next\" href=\"https:\/\/www.yoonpak.com\/fr\/wp-json\/wp\/v2\/pages\/6008\/page\/2\/\">Suivant \"<\/a>\t\t<\/nav>\n\t\t\t\t\t\t<\/div>\n\t\t\t\t<\/div>\n\t\t\t\t\t<\/div>\n\t\t<\/div>\n\t\t\t\t\t<\/div>\n\t\t<\/section>\n\t\t\t\t<\/div>","protected":false},"excerpt":{"rendered":"<p>Blogs et r\u00e9flexions<\/p>","protected":false},"author":1,"featured_media":0,"parent":0,"menu_order":0,"comment_status":"closed","ping_status":"closed","template":"","meta":{"_seopress_robots_primary_cat":"0","_seopress_titles_title":"","_seopress_titles_desc":"","_seopress_robots_index":"","footnotes":""},"class_list":["post-6008","page","type-page","status-publish","hentry"],"acf":[],"_links":{"self":[{"href":"https:\/\/www.yoonpak.com\/fr\/wp-json\/wp\/v2\/pages\/6008","targetHints":{"allow":["GET"]}}],"collection":[{"href":"https:\/\/www.yoonpak.com\/fr\/wp-json\/wp\/v2\/pages"}],"about":[{"href":"https:\/\/www.yoonpak.com\/fr\/wp-json\/wp\/v2\/types\/page"}],"author":[{"embeddable":true,"href":"https:\/\/www.yoonpak.com\/fr\/wp-json\/wp\/v2\/users\/1"}],"replies":[{"embeddable":true,"href":"https:\/\/www.yoonpak.com\/fr\/wp-json\/wp\/v2\/comments?post=6008"}],"version-history":[{"count":27,"href":"https:\/\/www.yoonpak.com\/fr\/wp-json\/wp\/v2\/pages\/6008\/revisions"}],"predecessor-version":[{"id":24584,"href":"https:\/\/www.yoonpak.com\/fr\/wp-json\/wp\/v2\/pages\/6008\/revisions\/24584"}],"wp:attachment":[{"href":"https:\/\/www.yoonpak.com\/fr\/wp-json\/wp\/v2\/media?parent=6008"}],"curies":[{"name":"wp","href":"https:\/\/api.w.org\/{rel}","templated":true}]}}