{"id":13892,"date":"2023-01-17T05:16:41","date_gmt":"2023-01-17T05:16:41","guid":{"rendered":"https:\/\/www.yoonpak.com\/?page_id=13892"},"modified":"2023-02-02T09:22:47","modified_gmt":"2023-02-02T09:22:47","slug":"paper-containers-for-your-market","status":"publish","type":"page","link":"https:\/\/www.yoonpak.com\/it\/contenitori-di-carta-per-il-vostro-mercato\/","title":{"rendered":"Per mercato"},"content":{"rendered":"<div data-elementor-type=\"wp-page\" data-elementor-id=\"13892\" class=\"elementor elementor-13892\" data-elementor-post-type=\"page\">\n\t\t\t\t\t\t<section class=\"elementor-section elementor-top-section elementor-element elementor-element-fb32d1c elementor-section-height-min-height elementor-section-stretched elementor-section-boxed elementor-section-height-default elementor-section-items-middle\" data-id=\"fb32d1c\" data-element_type=\"section\" data-settings=\"{&quot;stretch_section&quot;:&quot;section-stretched&quot;,&quot;background_background&quot;:&quot;classic&quot;}\">\n\t\t\t\t\t\t\t<div class=\"elementor-background-overlay\"><\/div>\n\t\t\t\t\t\t\t<div class=\"elementor-container elementor-column-gap-default\">\n\t\t\t\t\t<div class=\"elementor-column elementor-col-100 elementor-top-column elementor-element elementor-element-df7b6ac\" data-id=\"df7b6ac\" data-element_type=\"column\" data-settings=\"{&quot;background_background&quot;:&quot;classic&quot;}\">\n\t\t\t<div class=\"elementor-widget-wrap elementor-element-populated\">\n\t\t\t\t\t\t<div class=\"elementor-element elementor-element-88e39b5 elementor-widget elementor-widget-heading\" data-id=\"88e39b5\" data-element_type=\"widget\" data-widget_type=\"heading.default\">\n\t\t\t\t<div class=\"elementor-widget-container\">\n\t\t\t\t\t<h1 class=\"elementor-heading-title elementor-size-default\">Per mercato<\/h1>\t\t\t\t<\/div>\n\t\t\t\t<\/div>\n\t\t\t\t<div class=\"elementor-element elementor-element-88bd53b elementor-widget elementor-widget-text-editor\" data-id=\"88bd53b\" data-element_type=\"widget\" data-widget_type=\"text-editor.default\">\n\t\t\t\t<div class=\"elementor-widget-container\">\n\t\t\t\t\t\t\t\t\tYOON offre una variet\u00e0 di contenitori di carta per tutte le esigenze del mercato. Bicchieri di carta, contenitori da asporto e altro ancora. Rendete felici i clienti con i nostri imballaggi di carta per alimenti di qualit\u00e0.\n\t\t\t\t\t\t\t\t<\/div>\n\t\t\t\t<\/div>\n\t\t\t\t\t<\/div>\n\t\t<\/div>\n\t\t\t\t\t<\/div>\n\t\t<\/section>\n\t\t\t\t<section class=\"elementor-section elementor-top-section elementor-element elementor-element-2fc7012 elementor-section-boxed elementor-section-height-default elementor-section-height-default\" data-id=\"2fc7012\" data-element_type=\"section\">\n\t\t\t\t\t\t<div class=\"elementor-container elementor-column-gap-default\">\n\t\t\t\t\t<div class=\"elementor-column elementor-col-100 elementor-top-column elementor-element elementor-element-d62a06c\" data-id=\"d62a06c\" data-element_type=\"column\">\n\t\t\t<div class=\"elementor-widget-wrap\">\n\t\t\t\t\t\t\t<\/div>\n\t\t<\/div>\n\t\t\t\t\t<\/div>\n\t\t<\/section>\n\t\t\t\t<section class=\"elementor-section elementor-top-section elementor-element elementor-element-dcc4a9a elementor-section-stretched elementor-section-boxed elementor-section-height-default elementor-section-height-default\" data-id=\"dcc4a9a\" data-element_type=\"section\" data-settings=\"{&quot;stretch_section&quot;:&quot;section-stretched&quot;}\">\n\t\t\t\t\t\t<div class=\"elementor-container elementor-column-gap-default\">\n\t\t\t\t\t<div class=\"elementor-column elementor-col-100 elementor-top-column elementor-element elementor-element-a4f8540\" data-id=\"a4f8540\" data-element_type=\"column\">\n\t\t\t<div class=\"elementor-widget-wrap elementor-element-populated\">\n\t\t\t\t\t\t<div class=\"elementor-element elementor-element-0aa534e elementor-widget elementor-widget-heading\" data-id=\"0aa534e\" data-element_type=\"widget\" data-widget_type=\"heading.default\">\n\t\t\t\t<div class=\"elementor-widget-container\">\n\t\t\t\t\t<h2 class=\"elementor-heading-title elementor-size-default\">Contenitori di carta per il vostro mercato<\/h2>\t\t\t\t<\/div>\n\t\t\t\t<\/div>\n\t\t\t\t<div class=\"elementor-element elementor-element-d027b8f elementor-widget elementor-widget-heading\" data-id=\"d027b8f\" data-element_type=\"widget\" data-widget_type=\"heading.default\">\n\t\t\t\t<div class=\"elementor-widget-container\">\n\t\t\t\t\t<h3 class=\"elementor-heading-title elementor-size-default\">Per mercato<\/h3>\t\t\t\t<\/div>\n\t\t\t\t<\/div>\n\t\t\t\t<div class=\"elementor-element elementor-element-573f371 elementor-widget-divider--view-line elementor-widget elementor-widget-divider\" data-id=\"573f371\" data-element_type=\"widget\" data-widget_type=\"divider.default\">\n\t\t\t\t<div class=\"elementor-widget-container\">\n\t\t\t\t\t\t\t<div class=\"elementor-divider\">\n\t\t\t<span class=\"elementor-divider-separator\">\n\t\t\t\t\t\t<\/span>\n\t\t<\/div>\n\t\t\t\t\t\t<\/div>\n\t\t\t\t<\/div>\n\t\t\t\t<section class=\"elementor-section elementor-inner-section elementor-element elementor-element-aa6e2c5 elementor-section-boxed elementor-section-height-default elementor-section-height-default\" data-id=\"aa6e2c5\" data-element_type=\"section\">\n\t\t\t\t\t\t<div class=\"elementor-container elementor-column-gap-default\">\n\t\t\t\t\t<div class=\"elementor-column elementor-col-25 elementor-inner-column elementor-element elementor-element-8747a6f\" data-id=\"8747a6f\" data-element_type=\"column\">\n\t\t\t<div class=\"elementor-widget-wrap elementor-element-populated\">\n\t\t\t\t\t\t<div class=\"elementor-element elementor-element-bddccd2 elementor-widget elementor-widget-image\" data-id=\"bddccd2\" data-element_type=\"widget\" data-widget_type=\"image.default\">\n\t\t\t\t<div class=\"elementor-widget-container\">\n\t\t\t\t\t\t\t\t\t\t\t\t\t\t\t\t<a href=\"https:\/\/www.yoonpak.com\/it\/fast-food\/\">\n\t\t\t\t\t\t\t<img fetchpriority=\"high\" decoding=\"async\" width=\"490\" height=\"317\" src=\"https:\/\/www.yoonpak.com\/wp-content\/uploads\/2023\/02\/Fast-Food-paper-packaging.jpg\" class=\"attachment-large size-large wp-image-14792\" alt=\"Imballaggi in carta per fast food\" srcset=\"https:\/\/www.yoonpak.com\/wp-content\/uploads\/2023\/02\/Fast-Food-paper-packaging.jpg 490w, https:\/\/www.yoonpak.com\/wp-content\/uploads\/2023\/02\/Fast-Food-paper-packaging-226x146.jpg 226w, https:\/\/www.yoonpak.com\/wp-content\/uploads\/2023\/02\/Fast-Food-paper-packaging-50x32.jpg 50w, https:\/\/www.yoonpak.com\/wp-content\/uploads\/2023\/02\/Fast-Food-paper-packaging-116x75.jpg 116w\" sizes=\"(max-width: 490px) 100vw, 490px\" \/>\t\t\t\t\t\t\t\t<\/a>\n\t\t\t\t\t\t\t\t\t\t\t\t\t\t\t<\/div>\n\t\t\t\t<\/div>\n\t\t\t\t<div class=\"elementor-element elementor-element-54ba10d elementor-widget elementor-widget-heading\" data-id=\"54ba10d\" data-element_type=\"widget\" data-widget_type=\"heading.default\">\n\t\t\t\t<div class=\"elementor-widget-container\">\n\t\t\t\t\t<h3 class=\"elementor-heading-title elementor-size-medium\"><a href=\"https:\/\/www.yoonpak.com\/it\/fast-food\/\">Fast Food<\/a><\/h3>\t\t\t\t<\/div>\n\t\t\t\t<\/div>\n\t\t\t\t<div class=\"elementor-element elementor-element-9bbd0ae elementor-widget elementor-widget-text-editor\" data-id=\"9bbd0ae\" data-element_type=\"widget\" data-widget_type=\"text-editor.default\">\n\t\t\t\t<div class=\"elementor-widget-container\">\n\t\t\t\t\t\t\t\t\t<p><span style=\"font-weight: 400;\">I contenitori di carta YOON sono di alta qualit\u00e0 e rappresentano una soluzione in grado di migliorare la vostra attivit\u00e0 di fast food. I contenitori di carta per alimenti presentano molti vantaggi, come la facilit\u00e0 d'uso, la sostenibilit\u00e0, la bassa impronta di carbonio e la biodegradabilit\u00e0.<\/span><\/p>\t\t\t\t\t\t\t\t<\/div>\n\t\t\t\t<\/div>\n\t\t\t\t\t<\/div>\n\t\t<\/div>\n\t\t\t\t<div class=\"elementor-column elementor-col-25 elementor-inner-column elementor-element elementor-element-d118be3\" data-id=\"d118be3\" data-element_type=\"column\">\n\t\t\t<div class=\"elementor-widget-wrap elementor-element-populated\">\n\t\t\t\t\t\t<div class=\"elementor-element elementor-element-995c09a elementor-widget elementor-widget-image\" data-id=\"995c09a\" data-element_type=\"widget\" data-widget_type=\"image.default\">\n\t\t\t\t<div class=\"elementor-widget-container\">\n\t\t\t\t\t\t\t\t\t\t\t\t\t\t\t\t<a href=\"https:\/\/www.yoonpak.com\/it\/ristorante\/\">\n\t\t\t\t\t\t\t<img decoding=\"async\" width=\"490\" height=\"317\" src=\"https:\/\/www.yoonpak.com\/wp-content\/uploads\/2023\/02\/Restaurant-paper-food-packaging.jpg\" class=\"attachment-large size-large wp-image-14793\" alt=\"Imballaggi alimentari in carta per ristoranti\" srcset=\"https:\/\/www.yoonpak.com\/wp-content\/uploads\/2023\/02\/Restaurant-paper-food-packaging.jpg 490w, https:\/\/www.yoonpak.com\/wp-content\/uploads\/2023\/02\/Restaurant-paper-food-packaging-226x146.jpg 226w, https:\/\/www.yoonpak.com\/wp-content\/uploads\/2023\/02\/Restaurant-paper-food-packaging-50x32.jpg 50w, https:\/\/www.yoonpak.com\/wp-content\/uploads\/2023\/02\/Restaurant-paper-food-packaging-116x75.jpg 116w\" sizes=\"(max-width: 490px) 100vw, 490px\" \/>\t\t\t\t\t\t\t\t<\/a>\n\t\t\t\t\t\t\t\t\t\t\t\t\t\t\t<\/div>\n\t\t\t\t<\/div>\n\t\t\t\t<div class=\"elementor-element elementor-element-3baaaee elementor-widget elementor-widget-heading\" data-id=\"3baaaee\" data-element_type=\"widget\" data-widget_type=\"heading.default\">\n\t\t\t\t<div class=\"elementor-widget-container\">\n\t\t\t\t\t<h2 class=\"elementor-heading-title elementor-size-default\"><a href=\"https:\/\/www.yoonpak.com\/it\/ristorante\/\">Ristorante<\/a><\/h2>\t\t\t\t<\/div>\n\t\t\t\t<\/div>\n\t\t\t\t<div class=\"elementor-element elementor-element-51f68be elementor-widget elementor-widget-text-editor\" data-id=\"51f68be\" data-element_type=\"widget\" data-widget_type=\"text-editor.default\">\n\t\t\t\t<div class=\"elementor-widget-container\">\n\t\t\t\t\t\t\t\t\t<p><span style=\"font-weight: 400;\">I contenitori di carta sono perfetti per i ristoranti che vogliono ridurre l'impatto ambientale. I nostri contenitori di carta sono anche resistenti alle perdite e robusti, per garantire che il cibo rimanga fresco e contenuto durante il trasporto.<\/span><\/p>\t\t\t\t\t\t\t\t<\/div>\n\t\t\t\t<\/div>\n\t\t\t\t\t<\/div>\n\t\t<\/div>\n\t\t\t\t<div class=\"elementor-column elementor-col-25 elementor-inner-column elementor-element elementor-element-e9174f0\" data-id=\"e9174f0\" data-element_type=\"column\">\n\t\t\t<div class=\"elementor-widget-wrap elementor-element-populated\">\n\t\t\t\t\t\t<div class=\"elementor-element elementor-element-293fb92 elementor-widget elementor-widget-image\" data-id=\"293fb92\" data-element_type=\"widget\" data-widget_type=\"image.default\">\n\t\t\t\t<div class=\"elementor-widget-container\">\n\t\t\t\t\t\t\t\t\t\t\t\t\t\t\t\t<a href=\"https:\/\/www.yoonpak.com\/it\/bakery-packaging-wholesale\/\">\n\t\t\t\t\t\t\t<img decoding=\"async\" width=\"490\" height=\"317\" src=\"https:\/\/www.yoonpak.com\/wp-content\/uploads\/2023\/02\/bakery-paper-food-packaging.jpg\" class=\"attachment-large size-large wp-image-14794\" alt=\"imballaggi per alimenti in carta da forno\" srcset=\"https:\/\/www.yoonpak.com\/wp-content\/uploads\/2023\/02\/bakery-paper-food-packaging.jpg 490w, https:\/\/www.yoonpak.com\/wp-content\/uploads\/2023\/02\/bakery-paper-food-packaging-226x146.jpg 226w, https:\/\/www.yoonpak.com\/wp-content\/uploads\/2023\/02\/bakery-paper-food-packaging-50x32.jpg 50w, https:\/\/www.yoonpak.com\/wp-content\/uploads\/2023\/02\/bakery-paper-food-packaging-116x75.jpg 116w\" sizes=\"(max-width: 490px) 100vw, 490px\" \/>\t\t\t\t\t\t\t\t<\/a>\n\t\t\t\t\t\t\t\t\t\t\t\t\t\t\t<\/div>\n\t\t\t\t<\/div>\n\t\t\t\t<div class=\"elementor-element elementor-element-700b916 elementor-widget elementor-widget-heading\" data-id=\"700b916\" data-element_type=\"widget\" data-widget_type=\"heading.default\">\n\t\t\t\t<div class=\"elementor-widget-container\">\n\t\t\t\t\t<h2 class=\"elementor-heading-title elementor-size-default\"><a href=\"https:\/\/www.yoonpak.com\/it\/bakery-packaging-wholesale\/\">Panificio<\/a><\/h2>\t\t\t\t<\/div>\n\t\t\t\t<\/div>\n\t\t\t\t<div class=\"elementor-element elementor-element-fbf1a14 elementor-widget elementor-widget-text-editor\" data-id=\"fbf1a14\" data-element_type=\"widget\" data-widget_type=\"text-editor.default\">\n\t\t\t\t<div class=\"elementor-widget-container\">\n\t\t\t\t\t\t\t\t\t<p><span style=\"font-weight: 400;\">I nostri contenitori di carta sono un'alternativa ecologica al tradizionale imballaggio in plastica e sono disponibili in diverse forme e dimensioni. Sono quindi adatti a vari prodotti da forno, da biscotti e cupcake a pagnotte e pasticcini.<\/span><\/p>\t\t\t\t\t\t\t\t<\/div>\n\t\t\t\t<\/div>\n\t\t\t\t\t<\/div>\n\t\t<\/div>\n\t\t\t\t<div class=\"elementor-column elementor-col-25 elementor-inner-column elementor-element elementor-element-c0501a9\" data-id=\"c0501a9\" data-element_type=\"column\">\n\t\t\t<div class=\"elementor-widget-wrap elementor-element-populated\">\n\t\t\t\t\t\t<div class=\"elementor-element elementor-element-b05ea31 elementor-widget elementor-widget-image\" data-id=\"b05ea31\" data-element_type=\"widget\" data-widget_type=\"image.default\">\n\t\t\t\t<div class=\"elementor-widget-container\">\n\t\t\t\t\t\t\t\t\t\t\t\t\t\t\t\t<a href=\"https:\/\/www.yoonpak.com\/it\/caffetteria\/\">\n\t\t\t\t\t\t\t<img loading=\"lazy\" decoding=\"async\" width=\"490\" height=\"317\" src=\"https:\/\/www.yoonpak.com\/wp-content\/uploads\/2023\/02\/coffee-shop-paper-food-packaging.jpg\" class=\"attachment-large size-large wp-image-14795\" alt=\"imballaggi per alimenti in carta per caffetteria\" srcset=\"https:\/\/www.yoonpak.com\/wp-content\/uploads\/2023\/02\/coffee-shop-paper-food-packaging.jpg 490w, https:\/\/www.yoonpak.com\/wp-content\/uploads\/2023\/02\/coffee-shop-paper-food-packaging-226x146.jpg 226w, https:\/\/www.yoonpak.com\/wp-content\/uploads\/2023\/02\/coffee-shop-paper-food-packaging-50x32.jpg 50w, https:\/\/www.yoonpak.com\/wp-content\/uploads\/2023\/02\/coffee-shop-paper-food-packaging-116x75.jpg 116w\" sizes=\"(max-width: 490px) 100vw, 490px\" \/>\t\t\t\t\t\t\t\t<\/a>\n\t\t\t\t\t\t\t\t\t\t\t\t\t\t\t<\/div>\n\t\t\t\t<\/div>\n\t\t\t\t<div class=\"elementor-element elementor-element-c166556 elementor-widget elementor-widget-heading\" data-id=\"c166556\" data-element_type=\"widget\" data-widget_type=\"heading.default\">\n\t\t\t\t<div class=\"elementor-widget-container\">\n\t\t\t\t\t<h2 class=\"elementor-heading-title elementor-size-default\"><a href=\"https:\/\/www.yoonpak.com\/it\/caffetteria\/\">Caffetteria<\/a><\/h2>\t\t\t\t<\/div>\n\t\t\t\t<\/div>\n\t\t\t\t<div class=\"elementor-element elementor-element-9fd363d elementor-widget elementor-widget-text-editor\" data-id=\"9fd363d\" data-element_type=\"widget\" data-widget_type=\"text-editor.default\">\n\t\t\t\t<div class=\"elementor-widget-container\">\n\t\t\t\t\t\t\t\t\t<p><span style=\"font-weight: 400;\">Mettete in mostra la vostra attivit\u00e0 di caffetteria con contenitori di carta di alta qualit\u00e0. YOON \u00e8 a vostra disposizione, quindi cessate la vostra ricerca. Sono disponibili varianti in carta e plastica, sia bianche che marroni.<\/span><\/p>\t\t\t\t\t\t\t\t<\/div>\n\t\t\t\t<\/div>\n\t\t\t\t\t<\/div>\n\t\t<\/div>\n\t\t\t\t\t<\/div>\n\t\t<\/section>\n\t\t\t\t<section class=\"elementor-section elementor-inner-section elementor-element elementor-element-2b7b7ce elementor-section-boxed elementor-section-height-default elementor-section-height-default\" data-id=\"2b7b7ce\" data-element_type=\"section\">\n\t\t\t\t\t\t<div class=\"elementor-container elementor-column-gap-default\">\n\t\t\t\t\t<div class=\"elementor-column elementor-col-25 elementor-inner-column elementor-element elementor-element-ce2738f\" data-id=\"ce2738f\" data-element_type=\"column\">\n\t\t\t<div class=\"elementor-widget-wrap elementor-element-populated\">\n\t\t\t\t\t\t<div class=\"elementor-element elementor-element-13b7e9e elementor-widget elementor-widget-image\" data-id=\"13b7e9e\" data-element_type=\"widget\" data-widget_type=\"image.default\">\n\t\t\t\t<div class=\"elementor-widget-container\">\n\t\t\t\t\t\t\t\t\t\t\t\t\t\t\t\t<a href=\"https:\/\/www.yoonpak.com\/it\/cibo-di-strada\/\">\n\t\t\t\t\t\t\t<img loading=\"lazy\" decoding=\"async\" width=\"490\" height=\"317\" src=\"https:\/\/www.yoonpak.com\/wp-content\/uploads\/2023\/02\/street-food-paper-packaging.jpg\" class=\"attachment-large size-large wp-image-14796\" alt=\"imballaggi in carta per street food\" srcset=\"https:\/\/www.yoonpak.com\/wp-content\/uploads\/2023\/02\/street-food-paper-packaging.jpg 490w, https:\/\/www.yoonpak.com\/wp-content\/uploads\/2023\/02\/street-food-paper-packaging-226x146.jpg 226w, https:\/\/www.yoonpak.com\/wp-content\/uploads\/2023\/02\/street-food-paper-packaging-50x32.jpg 50w, https:\/\/www.yoonpak.com\/wp-content\/uploads\/2023\/02\/street-food-paper-packaging-116x75.jpg 116w\" sizes=\"(max-width: 490px) 100vw, 490px\" \/>\t\t\t\t\t\t\t\t<\/a>\n\t\t\t\t\t\t\t\t\t\t\t\t\t\t\t<\/div>\n\t\t\t\t<\/div>\n\t\t\t\t<div class=\"elementor-element elementor-element-5fadd50 elementor-widget elementor-widget-heading\" data-id=\"5fadd50\" data-element_type=\"widget\" data-widget_type=\"heading.default\">\n\t\t\t\t<div class=\"elementor-widget-container\">\n\t\t\t\t\t<h3 class=\"elementor-heading-title elementor-size-medium\"><a href=\"https:\/\/www.yoonpak.com\/it\/cibo-di-strada\/\">Cibo di strada<\/a><\/h3>\t\t\t\t<\/div>\n\t\t\t\t<\/div>\n\t\t\t\t<div class=\"elementor-element elementor-element-d3f7a93 elementor-widget elementor-widget-text-editor\" data-id=\"d3f7a93\" data-element_type=\"widget\" data-widget_type=\"text-editor.default\">\n\t\t\t\t<div class=\"elementor-widget-container\">\n\t\t\t\t\t\t\t\t\t<p><span style=\"font-weight: 400;\">Lasciate che i vostri clienti possano gustare i loro cibi di strada con stile. Offriamo un'ampia gamma di forme, colori e dimensioni: le opzioni perfette per migliorare l'esperienza dei clienti.<\/span><\/p>\t\t\t\t\t\t\t\t<\/div>\n\t\t\t\t<\/div>\n\t\t\t\t\t<\/div>\n\t\t<\/div>\n\t\t\t\t<div class=\"elementor-column elementor-col-25 elementor-inner-column elementor-element elementor-element-c8e6de8\" data-id=\"c8e6de8\" data-element_type=\"column\">\n\t\t\t<div class=\"elementor-widget-wrap elementor-element-populated\">\n\t\t\t\t\t\t<div class=\"elementor-element elementor-element-c28275b elementor-widget elementor-widget-image\" data-id=\"c28275b\" data-element_type=\"widget\" data-widget_type=\"image.default\">\n\t\t\t\t<div class=\"elementor-widget-container\">\n\t\t\t\t\t\t\t\t\t\t\t\t\t\t\t\t<a href=\"https:\/\/www.yoonpak.com\/it\/festa-di-catering\/\">\n\t\t\t\t\t\t\t<img loading=\"lazy\" decoding=\"async\" width=\"490\" height=\"317\" src=\"https:\/\/www.yoonpak.com\/wp-content\/uploads\/2023\/02\/catering-paper-cups.jpg\" class=\"attachment-large size-large wp-image-14838\" alt=\"bicchieri di carta per catering\" srcset=\"https:\/\/www.yoonpak.com\/wp-content\/uploads\/2023\/02\/catering-paper-cups.jpg 490w, https:\/\/www.yoonpak.com\/wp-content\/uploads\/2023\/02\/catering-paper-cups-226x146.jpg 226w, https:\/\/www.yoonpak.com\/wp-content\/uploads\/2023\/02\/catering-paper-cups-50x32.jpg 50w, https:\/\/www.yoonpak.com\/wp-content\/uploads\/2023\/02\/catering-paper-cups-116x75.jpg 116w\" sizes=\"(max-width: 490px) 100vw, 490px\" \/>\t\t\t\t\t\t\t\t<\/a>\n\t\t\t\t\t\t\t\t\t\t\t\t\t\t\t<\/div>\n\t\t\t\t<\/div>\n\t\t\t\t<div class=\"elementor-element elementor-element-d21445b elementor-widget elementor-widget-heading\" data-id=\"d21445b\" data-element_type=\"widget\" data-widget_type=\"heading.default\">\n\t\t\t\t<div class=\"elementor-widget-container\">\n\t\t\t\t\t<h2 class=\"elementor-heading-title elementor-size-default\"><a href=\"https:\/\/www.yoonpak.com\/it\/festa-di-catering\/\">Catering e feste<\/a><\/h2>\t\t\t\t<\/div>\n\t\t\t\t<\/div>\n\t\t\t\t<div class=\"elementor-element elementor-element-e5cf4be elementor-widget elementor-widget-text-editor\" data-id=\"e5cf4be\" data-element_type=\"widget\" data-widget_type=\"text-editor.default\">\n\t\t\t\t<div class=\"elementor-widget-container\">\n\t\t\t\t\t\t\t\t\t<p><span style=\"font-weight: 400;\">Mettete in mostra la vostra attivit\u00e0 con contenitori di carta accattivanti per il vostro business alimentare. I nostri contenitori di carta monouso per alimenti sono la combinazione perfetta di qualit\u00e0 e convenienza, adatti a qualsiasi attivit\u00e0 di catering o party.<\/span><\/p>\t\t\t\t\t\t\t\t<\/div>\n\t\t\t\t<\/div>\n\t\t\t\t\t<\/div>\n\t\t<\/div>\n\t\t\t\t<div class=\"elementor-column elementor-col-25 elementor-inner-column elementor-element elementor-element-a612822\" data-id=\"a612822\" data-element_type=\"column\">\n\t\t\t<div class=\"elementor-widget-wrap elementor-element-populated\">\n\t\t\t\t\t\t\t<\/div>\n\t\t<\/div>\n\t\t\t\t<div class=\"elementor-column elementor-col-25 elementor-inner-column elementor-element elementor-element-6e2803e\" data-id=\"6e2803e\" data-element_type=\"column\">\n\t\t\t<div class=\"elementor-widget-wrap elementor-element-populated\">\n\t\t\t\t\t\t\t<\/div>\n\t\t<\/div>\n\t\t\t\t\t<\/div>\n\t\t<\/section>\n\t\t\t\t\t<\/div>\n\t\t<\/div>\n\t\t\t\t\t<\/div>\n\t\t<\/section>\n\t\t\t\t<\/div>","protected":false},"excerpt":{"rendered":"<p>YOON offre una variet\u00e0 di contenitori di carta per tutte le esigenze del mercato. Bicchieri di carta, contenitori da asporto e altro ancora. Rendete felici i clienti con i nostri imballaggi di carta per alimenti di qualit\u00e0.<\/p>","protected":false},"author":1,"featured_media":0,"parent":0,"menu_order":0,"comment_status":"closed","ping_status":"closed","template":"","meta":{"_seopress_robots_primary_cat":"0","_seopress_titles_title":"Sustainable Paper Food Packaging for Virous Markets | YOON","_seopress_titles_desc":"YOON provides eco-friendly paper food containers for all your food service needs without compromising on quality. Custom design and short lead time.","_seopress_robots_index":"","footnotes":""},"class_list":["post-13892","page","type-page","status-publish","hentry"],"acf":[],"_links":{"self":[{"href":"https:\/\/www.yoonpak.com\/it\/wp-json\/wp\/v2\/pages\/13892","targetHints":{"allow":["GET"]}}],"collection":[{"href":"https:\/\/www.yoonpak.com\/it\/wp-json\/wp\/v2\/pages"}],"about":[{"href":"https:\/\/www.yoonpak.com\/it\/wp-json\/wp\/v2\/types\/page"}],"author":[{"embeddable":true,"href":"https:\/\/www.yoonpak.com\/it\/wp-json\/wp\/v2\/users\/1"}],"replies":[{"embeddable":true,"href":"https:\/\/www.yoonpak.com\/it\/wp-json\/wp\/v2\/comments?post=13892"}],"version-history":[{"count":13,"href":"https:\/\/www.yoonpak.com\/it\/wp-json\/wp\/v2\/pages\/13892\/revisions"}],"predecessor-version":[{"id":14842,"href":"https:\/\/www.yoonpak.com\/it\/wp-json\/wp\/v2\/pages\/13892\/revisions\/14842"}],"wp:attachment":[{"href":"https:\/\/www.yoonpak.com\/it\/wp-json\/wp\/v2\/media?parent=13892"}],"curies":[{"name":"wp","href":"https:\/\/api.w.org\/{rel}","templated":true}]}}